{"id":196,"date":"2024-04-11T00:09:40","date_gmt":"2024-04-11T00:09:40","guid":{"rendered":"https:\/\/manarouholamini.com\/demo\/?page_id=196"},"modified":"2024-04-21T14:51:40","modified_gmt":"2024-04-21T14:51:40","slug":"partager-le-voeu","status":"publish","type":"page","link":"https:\/\/manarouholamini.com\/en\/projets\/partager-le-voeu\/","title":{"rendered":"Sharing the vow"},"content":{"rendered":"<div data-elementor-type=\"wp-page\" data-elementor-id=\"196\" class=\"elementor elementor-196\" data-elementor-post-type=\"page\">\n\t\t\t\t<div class=\"elementor-element elementor-element-4cb7881 e-flex e-con-boxed e-con e-parent\" data-id=\"4cb7881\" data-element_type=\"container\" data-e-type=\"container\">\n\t\t\t\t\t<div class=\"e-con-inner\">\n\t\t\t\t<div class=\"elementor-element elementor-element-dcde5b1 elementor-widget elementor-widget-text-editor\" data-id=\"dcde5b1\" data-element_type=\"widget\" data-e-type=\"widget\" data-widget_type=\"text-editor.default\">\n\t\t\t\t<div class=\"elementor-widget-container\">\n\t\t\t\t\t\t\t\t\t<p>The project explores the ritual called Nazr (vow), the sharing of words and food, as well as the interactions and the network generated by this sharing with community members.<\/p><p>Infiltration based part project in Granby, Qu\u00e9bec in co-production with 3e imp\u00e9rial, centre d\u2019essai en art actuel. Actions \u2014in situ and in socius.<br \/>For more information and documentation: <a href=\"https:\/\/3e-imperial.org\/activites\/partager-le-voeu\/\">https:\/\/3e-imperial.org\/activites\/partager-le-voeu\/<\/a><\/p><p><a href=\"https:\/\/partagerlevoeuagranby.wordpress.com\/\">https:\/\/partagerlevoeuagranby.wordpress.com\/<\/a><\/p><p class=\"p1\"><i>I would like to acknowledge funding support from the Ontario Arts Council, an agency of the Government of Ontario.<\/i><\/p>\t\t\t\t\t\t\t\t<\/div>\n\t\t\t\t<\/div>\n\t\t<div class=\"elementor-element elementor-element-758abcf e-flex e-con-boxed e-con e-child\" data-id=\"758abcf\" data-element_type=\"container\" data-e-type=\"container\">\n\t\t\t\t\t<div class=\"e-con-inner\">\n\t\t\t\t<div class=\"elementor-element elementor-element-4aa5d26 elementor-widget elementor-widget-video\" data-id=\"4aa5d26\" data-element_type=\"widget\" data-e-type=\"widget\" data-settings=\"{&quot;video_type&quot;:&quot;vimeo&quot;}\" data-widget_type=\"video.default\">\n\t\t\t\t<div class=\"elementor-widget-container\">\n\t\t\t\t\t\t\t<div class=\"elementor-wrapper elementor-open-inline\">\n\t\t\t<iframe class=\"elementor-video-iframe\" allowfullscreen allow=\"clipboard-write\" title=\"vimeo Video Player\" src=\"https:\/\/player.vimeo.com\/video\/654282951?color&amp;autopause=0&amp;loop=0&amp;muted=0&amp;title=1&amp;portrait=1&amp;byline=1&amp;h=df9cf1a446#t=\" data-no-translation-title=\"\"><\/iframe>\t\t<\/div>\n\t\t\t\t\t\t<\/div>\n\t\t\t\t<\/div>\n\t\t\t\t\t<\/div>\n\t\t\t\t<\/div>\n\t\t<div class=\"elementor-element elementor-element-9b8be23 e-flex e-con-boxed e-con e-child\" data-id=\"9b8be23\" data-element_type=\"container\" data-e-type=\"container\">\n\t\t\t\t\t<div class=\"e-con-inner\">\n\t\t\t\t<div class=\"elementor-element elementor-element-4dc1341 elementor-widget elementor-widget-gallery\" data-id=\"4dc1341\" data-element_type=\"widget\" data-e-type=\"widget\" data-settings=\"{&quot;lazyload&quot;:&quot;yes&quot;,&quot;gallery_layout&quot;:&quot;grid&quot;,&quot;columns&quot;:4,&quot;columns_tablet&quot;:2,&quot;columns_mobile&quot;:1,&quot;gap&quot;:{&quot;unit&quot;:&quot;px&quot;,&quot;size&quot;:10,&quot;sizes&quot;:[]},&quot;gap_tablet&quot;:{&quot;unit&quot;:&quot;px&quot;,&quot;size&quot;:10,&quot;sizes&quot;:[]},&quot;gap_mobile&quot;:{&quot;unit&quot;:&quot;px&quot;,&quot;size&quot;:10,&quot;sizes&quot;:[]},&quot;link_to&quot;:&quot;file&quot;,&quot;aspect_ratio&quot;:&quot;3:2&quot;,&quot;overlay_background&quot;:&quot;yes&quot;,&quot;content_hover_animation&quot;:&quot;fade-in&quot;}\" data-widget_type=\"gallery.default\">\n\t\t\t\t<div class=\"elementor-widget-container\">\n\t\t\t\t\t\t\t<div class=\"elementor-gallery__container\">\n\t\t\t\t\t\t\t<a class=\"e-gallery-item elementor-gallery-item elementor-animated-content\" href=\"https:\/\/manarouholamini.com\/wp-content\/uploads\/2024\/04\/Partager-le-voeu1jpg.jpg\" data-elementor-open-lightbox=\"yes\" data-elementor-lightbox-slideshow=\"4dc1341\" data-elementor-lightbox-title=\"Partager-le-voeu1jpg\" data-e-action-hash=\"#elementor-action%3Aaction%3Dlightbox%26settings%3DeyJpZCI6MTk5LCJ1cmwiOiJodHRwczpcL1wvbWFuYXJvdWhvbGFtaW5pLmNvbVwvd3AtY29udGVudFwvdXBsb2Fkc1wvMjAyNFwvMDRcL1BhcnRhZ2VyLWxlLXZvZXUxanBnLmpwZyIsInNsaWRlc2hvdyI6IjRkYzEzNDEifQ%3D%3D\">\n\t\t\t\t\t<div class=\"e-gallery-image elementor-gallery-item__image\" data-thumbnail=\"https:\/\/manarouholamini.com\/wp-content\/uploads\/2024\/04\/Partager-le-voeu1jpg-300x114.jpg\" data-width=\"300\" data-height=\"114\" aria-label=\"Partager le v\u0153u \/ Sharing the vow - Research\" role=\"img\" ><\/div>\n\t\t\t\t\t\t\t\t\t\t\t<div class=\"elementor-gallery-item__overlay\"><\/div>\n\t\t\t\t\t\t\t\t\t\t\t\t\t\t<\/a>\n\t\t\t\t\t\t\t<a class=\"e-gallery-item elementor-gallery-item elementor-animated-content\" href=\"https:\/\/manarouholamini.com\/wp-content\/uploads\/2024\/04\/Partager-le-voeu2.jpg\" data-elementor-open-lightbox=\"yes\" data-elementor-lightbox-slideshow=\"4dc1341\" data-elementor-lightbox-title=\"Partager-le-voeu2\" data-e-action-hash=\"#elementor-action%3Aaction%3Dlightbox%26settings%3DeyJpZCI6MjAwLCJ1cmwiOiJodHRwczpcL1wvbWFuYXJvdWhvbGFtaW5pLmNvbVwvd3AtY29udGVudFwvdXBsb2Fkc1wvMjAyNFwvMDRcL1BhcnRhZ2VyLWxlLXZvZXUyLmpwZyIsInNsaWRlc2hvdyI6IjRkYzEzNDEifQ%3D%3D\">\n\t\t\t\t\t<div class=\"e-gallery-image elementor-gallery-item__image\" data-thumbnail=\"https:\/\/manarouholamini.com\/wp-content\/uploads\/2024\/04\/Partager-le-voeu2-232x300.jpg\" data-width=\"232\" data-height=\"300\" aria-label=\"Partager le v\u0153u \/ Sharing the vow - Granby- Qu\u00e9bec\" role=\"img\" ><\/div>\n\t\t\t\t\t\t\t\t\t\t\t<div class=\"elementor-gallery-item__overlay\"><\/div>\n\t\t\t\t\t\t\t\t\t\t\t\t\t\t<\/a>\n\t\t\t\t\t\t\t<a class=\"e-gallery-item elementor-gallery-item elementor-animated-content\" href=\"https:\/\/manarouholamini.com\/wp-content\/uploads\/2024\/04\/Partager-le-voeu3.jpg\" data-elementor-open-lightbox=\"yes\" data-elementor-lightbox-slideshow=\"4dc1341\" data-elementor-lightbox-title=\"Partager-le-voeu3\" data-e-action-hash=\"#elementor-action%3Aaction%3Dlightbox%26settings%3DeyJpZCI6MjAxLCJ1cmwiOiJodHRwczpcL1wvbWFuYXJvdWhvbGFtaW5pLmNvbVwvd3AtY29udGVudFwvdXBsb2Fkc1wvMjAyNFwvMDRcL1BhcnRhZ2VyLWxlLXZvZXUzLmpwZyIsInNsaWRlc2hvdyI6IjRkYzEzNDEifQ%3D%3D\">\n\t\t\t\t\t<div class=\"e-gallery-image elementor-gallery-item__image\" data-thumbnail=\"https:\/\/manarouholamini.com\/wp-content\/uploads\/2024\/04\/Partager-le-voeu3-300x225.jpg\" data-width=\"300\" data-height=\"225\" aria-label=\"Partager le v\u0153u \/ Sharing the vow - Granby- Qu\u00e9bec\" role=\"img\" ><\/div>\n\t\t\t\t\t\t\t\t\t\t\t<div class=\"elementor-gallery-item__overlay\"><\/div>\n\t\t\t\t\t\t\t\t\t\t\t\t\t\t<\/a>\n\t\t\t\t\t\t\t<a class=\"e-gallery-item elementor-gallery-item elementor-animated-content\" href=\"https:\/\/manarouholamini.com\/wp-content\/uploads\/2024\/04\/Partager-le-voeu4.jpg\" data-elementor-open-lightbox=\"yes\" data-elementor-lightbox-slideshow=\"4dc1341\" data-elementor-lightbox-title=\"Partager-le-voeu4\" data-e-action-hash=\"#elementor-action%3Aaction%3Dlightbox%26settings%3DeyJpZCI6MjAyLCJ1cmwiOiJodHRwczpcL1wvbWFuYXJvdWhvbGFtaW5pLmNvbVwvd3AtY29udGVudFwvdXBsb2Fkc1wvMjAyNFwvMDRcL1BhcnRhZ2VyLWxlLXZvZXU0LmpwZyIsInNsaWRlc2hvdyI6IjRkYzEzNDEifQ%3D%3D\">\n\t\t\t\t\t<div class=\"e-gallery-image elementor-gallery-item__image\" data-thumbnail=\"https:\/\/manarouholamini.com\/wp-content\/uploads\/2024\/04\/Partager-le-voeu4-300x225.jpg\" data-width=\"300\" data-height=\"225\" aria-label=\"Partager le v\u0153u \/ Sharing the vow - Granby- Qu\u00e9bec\" role=\"img\" ><\/div>\n\t\t\t\t\t\t\t\t\t\t\t<div class=\"elementor-gallery-item__overlay\"><\/div>\n\t\t\t\t\t\t\t\t\t\t\t\t\t\t<\/a>\n\t\t\t\t\t\t\t<a class=\"e-gallery-item elementor-gallery-item elementor-animated-content\" href=\"https:\/\/manarouholamini.com\/wp-content\/uploads\/2024\/04\/Partager-le-voeu5.jpg\" data-elementor-open-lightbox=\"yes\" data-elementor-lightbox-slideshow=\"4dc1341\" data-elementor-lightbox-title=\"Partager-le-voeu5\" data-e-action-hash=\"#elementor-action%3Aaction%3Dlightbox%26settings%3DeyJpZCI6MjAzLCJ1cmwiOiJodHRwczpcL1wvbWFuYXJvdWhvbGFtaW5pLmNvbVwvd3AtY29udGVudFwvdXBsb2Fkc1wvMjAyNFwvMDRcL1BhcnRhZ2VyLWxlLXZvZXU1LmpwZyIsInNsaWRlc2hvdyI6IjRkYzEzNDEifQ%3D%3D\">\n\t\t\t\t\t<div class=\"e-gallery-image elementor-gallery-item__image\" data-thumbnail=\"https:\/\/manarouholamini.com\/wp-content\/uploads\/2024\/04\/Partager-le-voeu5-300x225.jpg\" data-width=\"300\" data-height=\"225\" aria-label=\"Partager le v\u0153u \/ Sharing the vow - Granby- Qu\u00e9bec\" role=\"img\" ><\/div>\n\t\t\t\t\t\t\t\t\t\t\t<div class=\"elementor-gallery-item__overlay\"><\/div>\n\t\t\t\t\t\t\t\t\t\t\t\t\t\t<\/a>\n\t\t\t\t\t\t\t<a class=\"e-gallery-item elementor-gallery-item elementor-animated-content\" href=\"https:\/\/manarouholamini.com\/wp-content\/uploads\/2024\/04\/Partager-le-voeu6.jpg\" data-elementor-open-lightbox=\"yes\" data-elementor-lightbox-slideshow=\"4dc1341\" data-elementor-lightbox-title=\"Partager-le-voeu6\" data-e-action-hash=\"#elementor-action%3Aaction%3Dlightbox%26settings%3DeyJpZCI6MjA0LCJ1cmwiOiJodHRwczpcL1wvbWFuYXJvdWhvbGFtaW5pLmNvbVwvd3AtY29udGVudFwvdXBsb2Fkc1wvMjAyNFwvMDRcL1BhcnRhZ2VyLWxlLXZvZXU2LmpwZyIsInNsaWRlc2hvdyI6IjRkYzEzNDEifQ%3D%3D\">\n\t\t\t\t\t<div class=\"e-gallery-image elementor-gallery-item__image\" data-thumbnail=\"https:\/\/manarouholamini.com\/wp-content\/uploads\/2024\/04\/Partager-le-voeu6-300x225.jpg\" data-width=\"300\" data-height=\"225\" aria-label=\"Partager le v\u0153u \/ Sharing the vow - Granby- Qu\u00e9bec\" role=\"img\" ><\/div>\n\t\t\t\t\t\t\t\t\t\t\t<div class=\"elementor-gallery-item__overlay\"><\/div>\n\t\t\t\t\t\t\t\t\t\t\t\t\t\t<\/a>\n\t\t\t\t\t\t\t<a class=\"e-gallery-item elementor-gallery-item elementor-animated-content\" href=\"https:\/\/manarouholamini.com\/wp-content\/uploads\/2024\/04\/Partager-le-voeu7.jpg\" data-elementor-open-lightbox=\"yes\" data-elementor-lightbox-slideshow=\"4dc1341\" data-elementor-lightbox-title=\"Partager-le-voeu7\" data-e-action-hash=\"#elementor-action%3Aaction%3Dlightbox%26settings%3DeyJpZCI6MjA1LCJ1cmwiOiJodHRwczpcL1wvbWFuYXJvdWhvbGFtaW5pLmNvbVwvd3AtY29udGVudFwvdXBsb2Fkc1wvMjAyNFwvMDRcL1BhcnRhZ2VyLWxlLXZvZXU3LmpwZyIsInNsaWRlc2hvdyI6IjRkYzEzNDEifQ%3D%3D\">\n\t\t\t\t\t<div class=\"e-gallery-image elementor-gallery-item__image\" data-thumbnail=\"https:\/\/manarouholamini.com\/wp-content\/uploads\/2024\/04\/Partager-le-voeu7-300x225.jpg\" data-width=\"300\" data-height=\"225\" aria-label=\"Partager le v\u0153u \/ Sharing the vow - Granby - Qu\u00e9bec\" role=\"img\" ><\/div>\n\t\t\t\t\t\t\t\t\t\t\t<div class=\"elementor-gallery-item__overlay\"><\/div>\n\t\t\t\t\t\t\t\t\t\t\t\t\t\t<\/a>\n\t\t\t\t\t\t\t<a class=\"e-gallery-item elementor-gallery-item elementor-animated-content\" href=\"https:\/\/manarouholamini.com\/wp-content\/uploads\/2024\/04\/Partager-le-voeu8.jpg\" data-elementor-open-lightbox=\"yes\" data-elementor-lightbox-slideshow=\"4dc1341\" data-elementor-lightbox-title=\"Partager-le-voeu8\" data-e-action-hash=\"#elementor-action%3Aaction%3Dlightbox%26settings%3DeyJpZCI6MjA2LCJ1cmwiOiJodHRwczpcL1wvbWFuYXJvdWhvbGFtaW5pLmNvbVwvd3AtY29udGVudFwvdXBsb2Fkc1wvMjAyNFwvMDRcL1BhcnRhZ2VyLWxlLXZvZXU4LmpwZyIsInNsaWRlc2hvdyI6IjRkYzEzNDEifQ%3D%3D\">\n\t\t\t\t\t<div class=\"e-gallery-image elementor-gallery-item__image\" data-thumbnail=\"https:\/\/manarouholamini.com\/wp-content\/uploads\/2024\/04\/Partager-le-voeu8-300x225.jpg\" data-width=\"300\" data-height=\"225\" aria-label=\"Partager le v\u0153u \/ Sharing the vow - livre book\" role=\"img\" ><\/div>\n\t\t\t\t\t\t\t\t\t\t\t<div class=\"elementor-gallery-item__overlay\"><\/div>\n\t\t\t\t\t\t\t\t\t\t\t\t\t\t<\/a>\n\t\t\t\t\t<\/div>\n\t\t\t\t\t<\/div>\n\t\t\t\t<\/div>\n\t\t\t\t\t<\/div>\n\t\t\t\t<\/div>\n\t\t\t\t\t<\/div>\n\t\t\t\t<\/div>\n\t\t\t\t<\/div>","protected":false},"excerpt":{"rendered":"<p>Ce projet explore la notion de Nazr (v\u0153u), le partage de mots et de nourriture ainsi que l&#8217;interaction et le r\u00e9seau cr\u00e9e entre les membres de la communaut\u00e9 \u00e0 partir de ce partage. Projet d&#8217;art infiltrant\u00a0 \u00e0 Granby en coproduction avec le centre d&#8217;essai en art actuel 3e imp\u00e9rial. Actions \u2014in situ and in socius.Plus [&hellip;]<\/p>\n","protected":false},"author":2,"featured_media":0,"parent":27,"menu_order":0,"comment_status":"closed","ping_status":"closed","template":"","meta":{"nf_dc_page":"","footnotes":""},"class_list":["post-196","page","type-page","status-publish","hentry"],"_links":{"self":[{"href":"https:\/\/manarouholamini.com\/en\/wp-json\/wp\/v2\/pages\/196","targetHints":{"allow":["GET"]}}],"collection":[{"href":"https:\/\/manarouholamini.com\/en\/wp-json\/wp\/v2\/pages"}],"about":[{"href":"https:\/\/manarouholamini.com\/en\/wp-json\/wp\/v2\/types\/page"}],"author":[{"embeddable":true,"href":"https:\/\/manarouholamini.com\/en\/wp-json\/wp\/v2\/users\/2"}],"replies":[{"embeddable":true,"href":"https:\/\/manarouholamini.com\/en\/wp-json\/wp\/v2\/comments?post=196"}],"version-history":[{"count":5,"href":"https:\/\/manarouholamini.com\/en\/wp-json\/wp\/v2\/pages\/196\/revisions"}],"predecessor-version":[{"id":535,"href":"https:\/\/manarouholamini.com\/en\/wp-json\/wp\/v2\/pages\/196\/revisions\/535"}],"up":[{"embeddable":true,"href":"https:\/\/manarouholamini.com\/en\/wp-json\/wp\/v2\/pages\/27"}],"wp:attachment":[{"href":"https:\/\/manarouholamini.com\/en\/wp-json\/wp\/v2\/media?parent=196"}],"curies":[{"name":"wp","href":"https:\/\/api.w.org\/{rel}","templated":true}]}}