{"id":236,"date":"2024-04-14T22:09:44","date_gmt":"2024-04-14T22:09:44","guid":{"rendered":"https:\/\/manarouholamini.com\/demo\/?page_id=236"},"modified":"2024-04-21T14:24:28","modified_gmt":"2024-04-21T14:24:28","slug":"masquer-demasquer","status":"publish","type":"page","link":"https:\/\/manarouholamini.com\/en\/projets\/masquer-demasquer\/","title":{"rendered":"#HideUnhide"},"content":{"rendered":"<div data-elementor-type=\"wp-page\" data-elementor-id=\"236\" class=\"elementor elementor-236\" data-elementor-post-type=\"page\">\n\t\t\t\t<div class=\"elementor-element elementor-element-d0cbb34 e-flex e-con-boxed e-con e-parent\" data-id=\"d0cbb34\" data-element_type=\"container\" data-e-type=\"container\">\n\t\t\t\t\t<div class=\"e-con-inner\">\n\t\t\t\t<div class=\"elementor-element elementor-element-ed0e7bd elementor-widget elementor-widget-text-editor\" data-id=\"ed0e7bd\" data-element_type=\"widget\" data-e-type=\"widget\" data-widget_type=\"text-editor.default\">\n\t\t\t\t<div class=\"elementor-widget-container\">\n\t\t\t\t\t\t\t\t\t<p class=\"p1\">#hideUnhide explores the hypocrisy and what is be masked and hidden behind celebrations such as the Canadian Confederation.<\/p><p>The project consists of a stop motion video and digital prints based on drawings.<\/p>\t\t\t\t\t\t\t\t<\/div>\n\t\t\t\t<\/div>\n\t\t\t\t\t<\/div>\n\t\t\t\t<\/div>\n\t\t<div class=\"elementor-element elementor-element-7d47a61 e-flex e-con-boxed e-con e-parent\" data-id=\"7d47a61\" data-element_type=\"container\" data-e-type=\"container\">\n\t\t\t\t\t<div class=\"e-con-inner\">\n\t\t\t\t<div class=\"elementor-element elementor-element-974cbce elementor-widget elementor-widget-video\" data-id=\"974cbce\" data-element_type=\"widget\" data-e-type=\"widget\" data-settings=\"{&quot;video_type&quot;:&quot;vimeo&quot;}\" data-widget_type=\"video.default\">\n\t\t\t\t<div class=\"elementor-widget-container\">\n\t\t\t\t\t\t\t<div class=\"elementor-wrapper elementor-open-inline\">\n\t\t\t<iframe class=\"elementor-video-iframe\" allowfullscreen allow=\"clipboard-write\" title=\"Lecteur vid\u00e9o vimeo\" src=\"https:\/\/player.vimeo.com\/video\/870085376?color&amp;autopause=0&amp;loop=0&amp;muted=0&amp;title=1&amp;portrait=1&amp;byline=1&amp;h=3cbad53e14#t=\"><\/iframe>\t\t<\/div>\n\t\t\t\t\t\t<\/div>\n\t\t\t\t<\/div>\n\t\t\t\t\t<\/div>\n\t\t\t\t<\/div>\n\t\t<div class=\"elementor-element elementor-element-c5ef0e9 e-flex e-con-boxed e-con e-parent\" data-id=\"c5ef0e9\" data-element_type=\"container\" data-e-type=\"container\">\n\t\t\t\t\t<div class=\"e-con-inner\">\n\t\t<div class=\"elementor-element elementor-element-72124ea e-flex e-con-boxed e-con e-child\" data-id=\"72124ea\" data-element_type=\"container\" data-e-type=\"container\">\n\t\t\t\t\t<div class=\"e-con-inner\">\n\t\t\t\t\t<\/div>\n\t\t\t\t<\/div>\n\t\t\t\t<div class=\"elementor-element elementor-element-65a7a15 elementor-widget elementor-widget-gallery\" data-id=\"65a7a15\" data-element_type=\"widget\" data-e-type=\"widget\" data-settings=\"{&quot;aspect_ratio&quot;:&quot;9:16&quot;,&quot;lazyload&quot;:&quot;yes&quot;,&quot;gallery_layout&quot;:&quot;grid&quot;,&quot;columns&quot;:4,&quot;columns_tablet&quot;:2,&quot;columns_mobile&quot;:1,&quot;gap&quot;:{&quot;unit&quot;:&quot;px&quot;,&quot;size&quot;:10,&quot;sizes&quot;:[]},&quot;gap_tablet&quot;:{&quot;unit&quot;:&quot;px&quot;,&quot;size&quot;:10,&quot;sizes&quot;:[]},&quot;gap_mobile&quot;:{&quot;unit&quot;:&quot;px&quot;,&quot;size&quot;:10,&quot;sizes&quot;:[]},&quot;link_to&quot;:&quot;file&quot;,&quot;overlay_background&quot;:&quot;yes&quot;,&quot;content_hover_animation&quot;:&quot;fade-in&quot;}\" data-widget_type=\"gallery.default\">\n\t\t\t\t<div class=\"elementor-widget-container\">\n\t\t\t\t\t\t\t<div class=\"elementor-gallery__container\">\n\t\t\t\t\t\t\t<a class=\"e-gallery-item elementor-gallery-item elementor-animated-content\" href=\"https:\/\/manarouholamini.com\/wp-content\/uploads\/2024\/04\/hideUnhide-layers-ManaRouholamini-2.jpg\" data-elementor-open-lightbox=\"yes\" data-elementor-lightbox-slideshow=\"65a7a15\" data-elementor-lightbox-title=\"hideUnhide-layers-ManaRouholamini-2\" data-e-action-hash=\"#elementor-action%3Aaction%3Dlightbox%26settings%3DeyJpZCI6MjQ0LCJ1cmwiOiJodHRwczpcL1wvbWFuYXJvdWhvbGFtaW5pLmNvbVwvd3AtY29udGVudFwvdXBsb2Fkc1wvMjAyNFwvMDRcL2hpZGVVbmhpZGUtbGF5ZXJzLU1hbmFSb3Vob2xhbWluaS0yLmpwZyIsInNsaWRlc2hvdyI6IjY1YTdhMTUifQ%3D%3D\">\n\t\t\t\t\t<div class=\"e-gallery-image elementor-gallery-item__image\" data-thumbnail=\"https:\/\/manarouholamini.com\/wp-content\/uploads\/2024\/04\/hideUnhide-layers-ManaRouholamini-2.jpg\" data-width=\"704\" data-height=\"1000\" aria-label=\"Masquer d\u00e9masquer \/ Hide unhide\" role=\"img\" ><\/div>\n\t\t\t\t\t\t\t\t\t\t\t<div class=\"elementor-gallery-item__overlay\"><\/div>\n\t\t\t\t\t\t\t\t\t\t\t\t\t\t<\/a>\n\t\t\t\t\t\t\t<a class=\"e-gallery-item elementor-gallery-item elementor-animated-content\" href=\"https:\/\/manarouholamini.com\/wp-content\/uploads\/2024\/04\/hideUnhide-layers-ManaRouholamini-3.jpg\" data-elementor-open-lightbox=\"yes\" data-elementor-lightbox-slideshow=\"65a7a15\" data-elementor-lightbox-title=\"hideUnhide-layers-ManaRouholamini-3\" data-e-action-hash=\"#elementor-action%3Aaction%3Dlightbox%26settings%3DeyJpZCI6MjQ1LCJ1cmwiOiJodHRwczpcL1wvbWFuYXJvdWhvbGFtaW5pLmNvbVwvd3AtY29udGVudFwvdXBsb2Fkc1wvMjAyNFwvMDRcL2hpZGVVbmhpZGUtbGF5ZXJzLU1hbmFSb3Vob2xhbWluaS0zLmpwZyIsInNsaWRlc2hvdyI6IjY1YTdhMTUifQ%3D%3D\">\n\t\t\t\t\t<div class=\"e-gallery-image elementor-gallery-item__image\" data-thumbnail=\"https:\/\/manarouholamini.com\/wp-content\/uploads\/2024\/04\/hideUnhide-layers-ManaRouholamini-3.jpg\" data-width=\"704\" data-height=\"1000\" aria-label=\"Masquer d\u00e9masquer \/ Hide unhide\" role=\"img\" ><\/div>\n\t\t\t\t\t\t\t\t\t\t\t<div class=\"elementor-gallery-item__overlay\"><\/div>\n\t\t\t\t\t\t\t\t\t\t\t\t\t\t<\/a>\n\t\t\t\t\t\t\t<a class=\"e-gallery-item elementor-gallery-item elementor-animated-content\" href=\"https:\/\/manarouholamini.com\/wp-content\/uploads\/2024\/04\/hideUnhide-layers-ManaRouholamini-4.jpg\" data-elementor-open-lightbox=\"yes\" data-elementor-lightbox-slideshow=\"65a7a15\" data-elementor-lightbox-title=\"hideUnhide-layers-ManaRouholamini-4\" data-e-action-hash=\"#elementor-action%3Aaction%3Dlightbox%26settings%3DeyJpZCI6MjQ2LCJ1cmwiOiJodHRwczpcL1wvbWFuYXJvdWhvbGFtaW5pLmNvbVwvd3AtY29udGVudFwvdXBsb2Fkc1wvMjAyNFwvMDRcL2hpZGVVbmhpZGUtbGF5ZXJzLU1hbmFSb3Vob2xhbWluaS00LmpwZyIsInNsaWRlc2hvdyI6IjY1YTdhMTUifQ%3D%3D\">\n\t\t\t\t\t<div class=\"e-gallery-image elementor-gallery-item__image\" data-thumbnail=\"https:\/\/manarouholamini.com\/wp-content\/uploads\/2024\/04\/hideUnhide-layers-ManaRouholamini-4.jpg\" data-width=\"704\" data-height=\"1000\" aria-label=\"Masquer d\u00e9masquer \/ Hide unhide\" role=\"img\" ><\/div>\n\t\t\t\t\t\t\t\t\t\t\t<div class=\"elementor-gallery-item__overlay\"><\/div>\n\t\t\t\t\t\t\t\t\t\t\t\t\t\t<\/a>\n\t\t\t\t\t\t\t<a class=\"e-gallery-item elementor-gallery-item elementor-animated-content\" href=\"https:\/\/manarouholamini.com\/wp-content\/uploads\/2024\/04\/hideUnhide-layers-ManaRouholamini-1.jpg\" data-elementor-open-lightbox=\"yes\" data-elementor-lightbox-slideshow=\"65a7a15\" data-elementor-lightbox-title=\"hideUnhide-layers-ManaRouholamini-1\" data-e-action-hash=\"#elementor-action%3Aaction%3Dlightbox%26settings%3DeyJpZCI6MjQzLCJ1cmwiOiJodHRwczpcL1wvbWFuYXJvdWhvbGFtaW5pLmNvbVwvd3AtY29udGVudFwvdXBsb2Fkc1wvMjAyNFwvMDRcL2hpZGVVbmhpZGUtbGF5ZXJzLU1hbmFSb3Vob2xhbWluaS0xLmpwZyIsInNsaWRlc2hvdyI6IjY1YTdhMTUifQ%3D%3D\">\n\t\t\t\t\t<div class=\"e-gallery-image elementor-gallery-item__image\" data-thumbnail=\"https:\/\/manarouholamini.com\/wp-content\/uploads\/2024\/04\/hideUnhide-layers-ManaRouholamini-1.jpg\" data-width=\"704\" data-height=\"1000\" aria-label=\"Masquer d\u00e9masquer \/ Hide unhide\" role=\"img\" ><\/div>\n\t\t\t\t\t\t\t\t\t\t\t<div class=\"elementor-gallery-item__overlay\"><\/div>\n\t\t\t\t\t\t\t\t\t\t\t\t\t\t<\/a>\n\t\t\t\t\t<\/div>\n\t\t\t\t\t<\/div>\n\t\t\t\t<\/div>\n\t\t\t\t\t<\/div>\n\t\t\t\t<\/div>\n\t\t\t\t<\/div>","protected":false},"excerpt":{"rendered":"<p>#masquerd\u00e9masquer s\u2019interroge au sujet du caract\u00e8re hypocrite et sur ce qui est masqu\u00e9 et cach\u00e9 lors des c\u00e9l\u00e9brations comme celle de la Conf\u00e9d\u00e9ration canadienne. Le projet est compos\u00e9 d&#8217;une vid\u00e9o en stop motion est des impressions num\u00e9riques r\u00e9alis\u00e9es \u00e0 partir de dessins.<\/p>","protected":false},"author":2,"featured_media":0,"parent":27,"menu_order":0,"comment_status":"closed","ping_status":"closed","template":"","meta":{"nf_dc_page":"","footnotes":""},"class_list":["post-236","page","type-page","status-publish","hentry"],"_links":{"self":[{"href":"https:\/\/manarouholamini.com\/en\/wp-json\/wp\/v2\/pages\/236","targetHints":{"allow":["GET"]}}],"collection":[{"href":"https:\/\/manarouholamini.com\/en\/wp-json\/wp\/v2\/pages"}],"about":[{"href":"https:\/\/manarouholamini.com\/en\/wp-json\/wp\/v2\/types\/page"}],"author":[{"embeddable":true,"href":"https:\/\/manarouholamini.com\/en\/wp-json\/wp\/v2\/users\/2"}],"replies":[{"embeddable":true,"href":"https:\/\/manarouholamini.com\/en\/wp-json\/wp\/v2\/comments?post=236"}],"version-history":[{"count":5,"href":"https:\/\/manarouholamini.com\/en\/wp-json\/wp\/v2\/pages\/236\/revisions"}],"predecessor-version":[{"id":528,"href":"https:\/\/manarouholamini.com\/en\/wp-json\/wp\/v2\/pages\/236\/revisions\/528"}],"up":[{"embeddable":true,"href":"https:\/\/manarouholamini.com\/en\/wp-json\/wp\/v2\/pages\/27"}],"wp:attachment":[{"href":"https:\/\/manarouholamini.com\/en\/wp-json\/wp\/v2\/media?parent=236"}],"curies":[{"name":"wp","href":"https:\/\/api.w.org\/{rel}","templated":true}]}}