{"id":25,"date":"2024-04-06T03:45:58","date_gmt":"2024-04-06T03:45:58","guid":{"rendered":"https:\/\/manarouholamini.com\/demo\/?page_id=25"},"modified":"2024-04-20T19:54:15","modified_gmt":"2024-04-20T19:54:15","slug":"a-propos","status":"publish","type":"page","link":"https:\/\/manarouholamini.com\/en\/a-propos\/","title":{"rendered":"About"},"content":{"rendered":"\t\t<div data-elementor-type=\"wp-page\" data-elementor-id=\"25\" class=\"elementor elementor-25\" data-elementor-post-type=\"page\">\n\t\t\t\t<div class=\"elementor-element elementor-element-566e6c5 e-flex e-con-boxed e-con e-parent\" data-id=\"566e6c5\" data-element_type=\"container\" data-e-type=\"container\">\n\t\t\t\t\t<div class=\"e-con-inner\">\n\t\t\t\t<div class=\"elementor-element elementor-element-337e2bc elementor-widget elementor-widget-text-editor\" data-id=\"337e2bc\" data-element_type=\"widget\" data-e-type=\"widget\" data-widget_type=\"text-editor.default\">\n\t\t\t\t<div class=\"elementor-widget-container\">\n\t\t\t\t\t\t\t\t\t<p>Mana Rouholamini explore les notions d\u2019identit\u00e9, le sens des mots et leur relation avec les id\u00e9es, \u00e0 travers le prisme de diff\u00e9rentes langues. Sa pratique artistique inclut l\u2019installation, le dessin, les actions in situ, l\u2019estampe, le livre d\u2019artiste et les impressions num\u00e9riques. Son travail est nourri par la litt\u00e9rature, les proverbes, les traditions et les histoires folkloriques qu\u2019elle essaie d\u2019actualiser et de mettre en contexte.<\/p>\t\t\t\t\t\t\t\t<\/div>\n\t\t\t\t<\/div>\n\t\t<div class=\"elementor-element elementor-element-e08419e e-flex e-con-boxed e-con e-child\" data-id=\"e08419e\" data-element_type=\"container\" data-e-type=\"container\">\n\t\t\t\t\t<div class=\"e-con-inner\">\n\t\t\t\t<div class=\"elementor-element elementor-element-775fbf4 elementor-widget elementor-widget-text-editor\" data-id=\"775fbf4\" data-element_type=\"widget\" data-e-type=\"widget\" data-widget_type=\"text-editor.default\">\n\t\t\t\t<div class=\"elementor-widget-container\">\n\t\t\t\t\t\t\t\t\t<p>info[at]manarouholamini[dot]com<\/p>\t\t\t\t\t\t\t\t<\/div>\n\t\t\t\t<\/div>\n\t\t\t\t\t<\/div>\n\t\t\t\t<\/div>\n\t\t\t\t\t<\/div>\n\t\t\t\t<\/div>\n\t\t\t\t<\/div>\n\t\t","protected":false},"excerpt":{"rendered":"<p>Mana Rouholamini explore les notions d\u2019identit\u00e9, le sens des mots et leur relation avec les id\u00e9es, \u00e0 travers le prisme de diff\u00e9rentes langues. Sa pratique artistique inclut l\u2019installation, le dessin, les actions in situ, l\u2019estampe, le livre d\u2019artiste et les impressions num\u00e9riques. Son travail est nourri par la litt\u00e9rature, les proverbes, les traditions et les [&hellip;]<\/p>\n","protected":false},"author":1,"featured_media":0,"parent":0,"menu_order":10,"comment_status":"closed","ping_status":"closed","template":"","meta":{"nf_dc_page":"","footnotes":""},"class_list":["post-25","page","type-page","status-publish","hentry"],"_links":{"self":[{"href":"https:\/\/manarouholamini.com\/en\/wp-json\/wp\/v2\/pages\/25","targetHints":{"allow":["GET"]}}],"collection":[{"href":"https:\/\/manarouholamini.com\/en\/wp-json\/wp\/v2\/pages"}],"about":[{"href":"https:\/\/manarouholamini.com\/en\/wp-json\/wp\/v2\/types\/page"}],"author":[{"embeddable":true,"href":"https:\/\/manarouholamini.com\/en\/wp-json\/wp\/v2\/users\/1"}],"replies":[{"embeddable":true,"href":"https:\/\/manarouholamini.com\/en\/wp-json\/wp\/v2\/comments?post=25"}],"version-history":[{"count":5,"href":"https:\/\/manarouholamini.com\/en\/wp-json\/wp\/v2\/pages\/25\/revisions"}],"predecessor-version":[{"id":485,"href":"https:\/\/manarouholamini.com\/en\/wp-json\/wp\/v2\/pages\/25\/revisions\/485"}],"wp:attachment":[{"href":"https:\/\/manarouholamini.com\/en\/wp-json\/wp\/v2\/media?parent=25"}],"curies":[{"name":"wp","href":"https:\/\/api.w.org\/{rel}","templated":true}]}}