{"id":309,"date":"2024-04-20T13:10:09","date_gmt":"2024-04-20T13:10:09","guid":{"rendered":"https:\/\/manarouholamini.com\/demo\/?page_id=309"},"modified":"2024-04-21T15:24:06","modified_gmt":"2024-04-21T15:24:06","slug":"tracer-les-moindres-traces","status":"publish","type":"page","link":"https:\/\/manarouholamini.com\/en\/projets\/tracer-les-moindres-traces\/","title":{"rendered":"Tracing Trace Traces"},"content":{"rendered":"<div data-elementor-type=\"wp-page\" data-elementor-id=\"309\" class=\"elementor elementor-309\" data-elementor-post-type=\"page\">\n\t\t\t\t<div class=\"elementor-element elementor-element-5d39283 e-flex e-con-boxed e-con e-parent\" data-id=\"5d39283\" data-element_type=\"container\" data-e-type=\"container\">\n\t\t\t\t\t<div class=\"e-con-inner\">\n\t\t\t\t<div class=\"elementor-element elementor-element-81dfed1 elementor-widget elementor-widget-text-editor\" data-id=\"81dfed1\" data-element_type=\"widget\" data-e-type=\"widget\" data-widget_type=\"text-editor.default\">\n\t\t\t\t<div class=\"elementor-widget-container\">\n\t\t\t\t\t\t\t\t\t<p class=\"p1\">Born in Qu\u00e9bec, writer, literary scholar and peace activist,<span class=\"apple-converted-space\">\u00a0<\/span>Julia Grace Wales, travelled to The Hague in 1915 to participate in the Women\u2019s Peace Congress. In the Hague, she presented a draft of her plan: Continuous Mediation Without Armistice that was unanimously adopted at the conference.\u00a0<\/p><p class=\"p1\">Using archival documents from the Library and Archives Canada as well as other documents and photos, the book makes connections between traces of the past and today\u2019s\u2019 technology, water, The Hague and Ottawa.<\/p><p class=\"p1\">A blog has also been initiated and realized on the occasion of an artist exchange between artists in Ottawa and The Hague.<span style=\"color: var( --e-global-color-text ); font-family: var( --e-global-typography-text-font-family ), Sans-serif; font-weight: var( --e-global-typography-text-font-weight ); text-align: var(--text-align); font-size: 1rem;\">: <a href=\"https:\/\/ebaquartairexchangeproject.wordpress.com\">https:\/\/ebaquartairexchangeproject.wordpress.com<\/a><\/span><\/p><p class=\"p1\"><em>I would like to thank Canada Arts Council, for the travel grant that I received to be able to present this project in The Hague.<\/em><\/p>\t\t\t\t\t\t\t\t<\/div>\n\t\t\t\t<\/div>\n\t\t\t\t\t<\/div>\n\t\t\t\t<\/div>\n\t\t<div class=\"elementor-element elementor-element-2c584cc e-flex e-con-boxed e-con e-parent\" data-id=\"2c584cc\" data-element_type=\"container\" data-e-type=\"container\">\n\t\t\t\t\t<div class=\"e-con-inner\">\n\t\t\t\t<div class=\"elementor-element elementor-element-87b7902 elementor-widget elementor-widget-gallery\" data-id=\"87b7902\" data-element_type=\"widget\" data-e-type=\"widget\" data-settings=\"{&quot;lazyload&quot;:&quot;yes&quot;,&quot;gallery_layout&quot;:&quot;grid&quot;,&quot;columns&quot;:4,&quot;columns_tablet&quot;:2,&quot;columns_mobile&quot;:1,&quot;gap&quot;:{&quot;unit&quot;:&quot;px&quot;,&quot;size&quot;:10,&quot;sizes&quot;:[]},&quot;gap_tablet&quot;:{&quot;unit&quot;:&quot;px&quot;,&quot;size&quot;:10,&quot;sizes&quot;:[]},&quot;gap_mobile&quot;:{&quot;unit&quot;:&quot;px&quot;,&quot;size&quot;:10,&quot;sizes&quot;:[]},&quot;link_to&quot;:&quot;file&quot;,&quot;aspect_ratio&quot;:&quot;3:2&quot;,&quot;overlay_background&quot;:&quot;yes&quot;,&quot;content_hover_animation&quot;:&quot;fade-in&quot;}\" data-widget_type=\"gallery.default\">\n\t\t\t\t<div class=\"elementor-widget-container\">\n\t\t\t\t\t\t\t<div class=\"elementor-gallery__container\">\n\t\t\t\t\t\t\t<a class=\"e-gallery-item elementor-gallery-item elementor-animated-content\" href=\"https:\/\/manarouholamini.com\/wp-content\/uploads\/2024\/04\/Tracer-les-moindres-traces1.jpg\" data-elementor-open-lightbox=\"yes\" data-elementor-lightbox-slideshow=\"87b7902\" data-elementor-lightbox-title=\"Tracer les moindres traces1\" data-e-action-hash=\"#elementor-action%3Aaction%3Dlightbox%26settings%3DeyJpZCI6MzE1LCJ1cmwiOiJodHRwczpcL1wvbWFuYXJvdWhvbGFtaW5pLmNvbVwvd3AtY29udGVudFwvdXBsb2Fkc1wvMjAyNFwvMDRcL1RyYWNlci1sZXMtbW9pbmRyZXMtdHJhY2VzMS5qcGciLCJzbGlkZXNob3ciOiI4N2I3OTAyIn0%3D\">\n\t\t\t\t\t<div class=\"e-gallery-image elementor-gallery-item__image\" data-thumbnail=\"https:\/\/manarouholamini.com\/wp-content\/uploads\/2024\/04\/Tracer-les-moindres-traces1-245x300.jpg\" data-width=\"245\" data-height=\"300\" aria-label=\"Tracer les moindres traces \/ Tracing Trace Traces\" role=\"img\" ><\/div>\n\t\t\t\t\t\t\t\t\t\t\t<div class=\"elementor-gallery-item__overlay\"><\/div>\n\t\t\t\t\t\t\t\t\t\t\t\t\t\t<\/a>\n\t\t\t\t\t\t\t<a class=\"e-gallery-item elementor-gallery-item elementor-animated-content\" href=\"https:\/\/manarouholamini.com\/wp-content\/uploads\/2024\/04\/Tracer-les-moindres-traces2.jpg\" data-elementor-open-lightbox=\"yes\" data-elementor-lightbox-slideshow=\"87b7902\" data-elementor-lightbox-title=\"Tracer les moindres traces2\" data-e-action-hash=\"#elementor-action%3Aaction%3Dlightbox%26settings%3DeyJpZCI6MzE2LCJ1cmwiOiJodHRwczpcL1wvbWFuYXJvdWhvbGFtaW5pLmNvbVwvd3AtY29udGVudFwvdXBsb2Fkc1wvMjAyNFwvMDRcL1RyYWNlci1sZXMtbW9pbmRyZXMtdHJhY2VzMi5qcGciLCJzbGlkZXNob3ciOiI4N2I3OTAyIn0%3D\">\n\t\t\t\t\t<div class=\"e-gallery-image elementor-gallery-item__image\" data-thumbnail=\"https:\/\/manarouholamini.com\/wp-content\/uploads\/2024\/04\/Tracer-les-moindres-traces2-238x300.jpg\" data-width=\"238\" data-height=\"300\" aria-label=\"Tracer les moindres traces \/ Tracing Trace Traces\" role=\"img\" ><\/div>\n\t\t\t\t\t\t\t\t\t\t\t<div class=\"elementor-gallery-item__overlay\"><\/div>\n\t\t\t\t\t\t\t\t\t\t\t\t\t\t<\/a>\n\t\t\t\t\t\t\t<a class=\"e-gallery-item elementor-gallery-item elementor-animated-content\" href=\"https:\/\/manarouholamini.com\/wp-content\/uploads\/2024\/04\/Tracer-les-moindres-traces3.jpg\" data-elementor-open-lightbox=\"yes\" data-elementor-lightbox-slideshow=\"87b7902\" data-elementor-lightbox-title=\"Tracer les moindres traces3\" data-e-action-hash=\"#elementor-action%3Aaction%3Dlightbox%26settings%3DeyJpZCI6MzE3LCJ1cmwiOiJodHRwczpcL1wvbWFuYXJvdWhvbGFtaW5pLmNvbVwvd3AtY29udGVudFwvdXBsb2Fkc1wvMjAyNFwvMDRcL1RyYWNlci1sZXMtbW9pbmRyZXMtdHJhY2VzMy5qcGciLCJzbGlkZXNob3ciOiI4N2I3OTAyIn0%3D\">\n\t\t\t\t\t<div class=\"e-gallery-image elementor-gallery-item__image\" data-thumbnail=\"https:\/\/manarouholamini.com\/wp-content\/uploads\/2024\/04\/Tracer-les-moindres-traces3-300x189.jpg\" data-width=\"300\" data-height=\"189\" aria-label=\"Tracer les moindres traces \/ Tracing Trace Traces\" role=\"img\" ><\/div>\n\t\t\t\t\t\t\t\t\t\t\t<div class=\"elementor-gallery-item__overlay\"><\/div>\n\t\t\t\t\t\t\t\t\t\t\t\t\t\t<\/a>\n\t\t\t\t\t\t\t<a class=\"e-gallery-item elementor-gallery-item elementor-animated-content\" href=\"https:\/\/manarouholamini.com\/wp-content\/uploads\/2024\/04\/Tracer-les-moindres-traces4.jpg\" data-elementor-open-lightbox=\"yes\" data-elementor-lightbox-slideshow=\"87b7902\" data-elementor-lightbox-title=\"Tracer les moindres traces4\" data-e-action-hash=\"#elementor-action%3Aaction%3Dlightbox%26settings%3DeyJpZCI6MzE4LCJ1cmwiOiJodHRwczpcL1wvbWFuYXJvdWhvbGFtaW5pLmNvbVwvd3AtY29udGVudFwvdXBsb2Fkc1wvMjAyNFwvMDRcL1RyYWNlci1sZXMtbW9pbmRyZXMtdHJhY2VzNC5qcGciLCJzbGlkZXNob3ciOiI4N2I3OTAyIn0%3D\">\n\t\t\t\t\t<div class=\"e-gallery-image elementor-gallery-item__image\" data-thumbnail=\"https:\/\/manarouholamini.com\/wp-content\/uploads\/2024\/04\/Tracer-les-moindres-traces4-300x189.jpg\" data-width=\"300\" data-height=\"189\" aria-label=\"Tracer les moindres traces \/ Tracing Trace Traces\" role=\"img\" ><\/div>\n\t\t\t\t\t\t\t\t\t\t\t<div class=\"elementor-gallery-item__overlay\"><\/div>\n\t\t\t\t\t\t\t\t\t\t\t\t\t\t<\/a>\n\t\t\t\t\t\t\t<a class=\"e-gallery-item elementor-gallery-item elementor-animated-content\" href=\"https:\/\/manarouholamini.com\/wp-content\/uploads\/2024\/04\/Tracer-les-moindres-traces5.jpg\" data-elementor-open-lightbox=\"yes\" data-elementor-lightbox-slideshow=\"87b7902\" data-elementor-lightbox-title=\"Tracer les moindres traces5\" data-e-action-hash=\"#elementor-action%3Aaction%3Dlightbox%26settings%3DeyJpZCI6MzE5LCJ1cmwiOiJodHRwczpcL1wvbWFuYXJvdWhvbGFtaW5pLmNvbVwvd3AtY29udGVudFwvdXBsb2Fkc1wvMjAyNFwvMDRcL1RyYWNlci1sZXMtbW9pbmRyZXMtdHJhY2VzNS5qcGciLCJzbGlkZXNob3ciOiI4N2I3OTAyIn0%3D\">\n\t\t\t\t\t<div class=\"e-gallery-image elementor-gallery-item__image\" data-thumbnail=\"https:\/\/manarouholamini.com\/wp-content\/uploads\/2024\/04\/Tracer-les-moindres-traces5-300x189.jpg\" data-width=\"300\" data-height=\"189\" aria-label=\"Tracer les moindres traces \/ Tracing Trace Traces\" role=\"img\" ><\/div>\n\t\t\t\t\t\t\t\t\t\t\t<div class=\"elementor-gallery-item__overlay\"><\/div>\n\t\t\t\t\t\t\t\t\t\t\t\t\t\t<\/a>\n\t\t\t\t\t\t\t<a class=\"e-gallery-item elementor-gallery-item elementor-animated-content\" href=\"https:\/\/manarouholamini.com\/wp-content\/uploads\/2024\/04\/Tracer-les-moindres-traces6.jpg\" data-elementor-open-lightbox=\"yes\" data-elementor-lightbox-slideshow=\"87b7902\" data-elementor-lightbox-title=\"Tracer les moindres traces6\" data-e-action-hash=\"#elementor-action%3Aaction%3Dlightbox%26settings%3DeyJpZCI6MzIwLCJ1cmwiOiJodHRwczpcL1wvbWFuYXJvdWhvbGFtaW5pLmNvbVwvd3AtY29udGVudFwvdXBsb2Fkc1wvMjAyNFwvMDRcL1RyYWNlci1sZXMtbW9pbmRyZXMtdHJhY2VzNi5qcGciLCJzbGlkZXNob3ciOiI4N2I3OTAyIn0%3D\">\n\t\t\t\t\t<div class=\"e-gallery-image elementor-gallery-item__image\" data-thumbnail=\"https:\/\/manarouholamini.com\/wp-content\/uploads\/2024\/04\/Tracer-les-moindres-traces6-300x189.jpg\" data-width=\"300\" data-height=\"189\" aria-label=\"Tracer les moindres traces \/ Tracing Trace Traces\" role=\"img\" ><\/div>\n\t\t\t\t\t\t\t\t\t\t\t<div class=\"elementor-gallery-item__overlay\"><\/div>\n\t\t\t\t\t\t\t\t\t\t\t\t\t\t<\/a>\n\t\t\t\t\t\t\t<a class=\"e-gallery-item elementor-gallery-item elementor-animated-content\" href=\"https:\/\/manarouholamini.com\/wp-content\/uploads\/2024\/04\/Tracer-les-moindres-traces7.jpg\" data-elementor-open-lightbox=\"yes\" data-elementor-lightbox-slideshow=\"87b7902\" data-elementor-lightbox-title=\"Tracer les moindres traces7\" data-e-action-hash=\"#elementor-action%3Aaction%3Dlightbox%26settings%3DeyJpZCI6MzIxLCJ1cmwiOiJodHRwczpcL1wvbWFuYXJvdWhvbGFtaW5pLmNvbVwvd3AtY29udGVudFwvdXBsb2Fkc1wvMjAyNFwvMDRcL1RyYWNlci1sZXMtbW9pbmRyZXMtdHJhY2VzNy5qcGciLCJzbGlkZXNob3ciOiI4N2I3OTAyIn0%3D\">\n\t\t\t\t\t<div class=\"e-gallery-image elementor-gallery-item__image\" data-thumbnail=\"https:\/\/manarouholamini.com\/wp-content\/uploads\/2024\/04\/Tracer-les-moindres-traces7-300x189.jpg\" data-width=\"300\" data-height=\"189\" aria-label=\"Tracer les moindres traces \/ Tracing Trace Traces\" role=\"img\" ><\/div>\n\t\t\t\t\t\t\t\t\t\t\t<div class=\"elementor-gallery-item__overlay\"><\/div>\n\t\t\t\t\t\t\t\t\t\t\t\t\t\t<\/a>\n\t\t\t\t\t\t\t<a class=\"e-gallery-item elementor-gallery-item elementor-animated-content\" href=\"https:\/\/manarouholamini.com\/wp-content\/uploads\/2024\/04\/Tracer-les-moindres-traces8.jpg\" data-elementor-open-lightbox=\"yes\" data-elementor-lightbox-slideshow=\"87b7902\" data-elementor-lightbox-title=\"Tracer les moindres traces8\" data-e-action-hash=\"#elementor-action%3Aaction%3Dlightbox%26settings%3DeyJpZCI6MzIyLCJ1cmwiOiJodHRwczpcL1wvbWFuYXJvdWhvbGFtaW5pLmNvbVwvd3AtY29udGVudFwvdXBsb2Fkc1wvMjAyNFwvMDRcL1RyYWNlci1sZXMtbW9pbmRyZXMtdHJhY2VzOC5qcGciLCJzbGlkZXNob3ciOiI4N2I3OTAyIn0%3D\">\n\t\t\t\t\t<div class=\"e-gallery-image elementor-gallery-item__image\" data-thumbnail=\"https:\/\/manarouholamini.com\/wp-content\/uploads\/2024\/04\/Tracer-les-moindres-traces8-300x189.jpg\" data-width=\"300\" data-height=\"189\" aria-label=\"Tracer les moindres traces \/ Tracing Trace Traces\" role=\"img\" ><\/div>\n\t\t\t\t\t\t\t\t\t\t\t<div class=\"elementor-gallery-item__overlay\"><\/div>\n\t\t\t\t\t\t\t\t\t\t\t\t\t\t<\/a>\n\t\t\t\t\t\t\t<a class=\"e-gallery-item elementor-gallery-item elementor-animated-content\" href=\"https:\/\/manarouholamini.com\/wp-content\/uploads\/2024\/04\/Tracer-les-moindres-traces9.jpg\" data-elementor-open-lightbox=\"yes\" data-elementor-lightbox-slideshow=\"87b7902\" data-elementor-lightbox-title=\"Tracer les moindres traces9\" data-e-action-hash=\"#elementor-action%3Aaction%3Dlightbox%26settings%3DeyJpZCI6MzIzLCJ1cmwiOiJodHRwczpcL1wvbWFuYXJvdWhvbGFtaW5pLmNvbVwvd3AtY29udGVudFwvdXBsb2Fkc1wvMjAyNFwvMDRcL1RyYWNlci1sZXMtbW9pbmRyZXMtdHJhY2VzOS5qcGciLCJzbGlkZXNob3ciOiI4N2I3OTAyIn0%3D\">\n\t\t\t\t\t<div class=\"e-gallery-image elementor-gallery-item__image\" data-thumbnail=\"https:\/\/manarouholamini.com\/wp-content\/uploads\/2024\/04\/Tracer-les-moindres-traces9-300x189.jpg\" data-width=\"300\" data-height=\"189\" aria-label=\"Tracer les moindres traces \/ Tracing Trace Traces\" role=\"img\" ><\/div>\n\t\t\t\t\t\t\t\t\t\t\t<div class=\"elementor-gallery-item__overlay\"><\/div>\n\t\t\t\t\t\t\t\t\t\t\t\t\t\t<\/a>\n\t\t\t\t\t\t\t<a class=\"e-gallery-item elementor-gallery-item elementor-animated-content\" href=\"https:\/\/manarouholamini.com\/wp-content\/uploads\/2024\/04\/Tracer-les-moindres-traces10.jpg\" data-elementor-open-lightbox=\"yes\" data-elementor-lightbox-slideshow=\"87b7902\" data-elementor-lightbox-title=\"Tracer les moindres traces10\" data-e-action-hash=\"#elementor-action%3Aaction%3Dlightbox%26settings%3DeyJpZCI6MzI0LCJ1cmwiOiJodHRwczpcL1wvbWFuYXJvdWhvbGFtaW5pLmNvbVwvd3AtY29udGVudFwvdXBsb2Fkc1wvMjAyNFwvMDRcL1RyYWNlci1sZXMtbW9pbmRyZXMtdHJhY2VzMTAuanBnIiwic2xpZGVzaG93IjoiODdiNzkwMiJ9\">\n\t\t\t\t\t<div class=\"e-gallery-image elementor-gallery-item__image\" data-thumbnail=\"https:\/\/manarouholamini.com\/wp-content\/uploads\/2024\/04\/Tracer-les-moindres-traces10-300x198.jpg\" data-width=\"300\" data-height=\"198\" aria-label=\"Tracer les moindres traces \/ Tracing Trace Traces\" role=\"img\" ><\/div>\n\t\t\t\t\t\t\t\t\t\t\t<div class=\"elementor-gallery-item__overlay\"><\/div>\n\t\t\t\t\t\t\t\t\t\t\t\t\t\t<\/a>\n\t\t\t\t\t\t\t<a class=\"e-gallery-item elementor-gallery-item elementor-animated-content\" href=\"https:\/\/manarouholamini.com\/wp-content\/uploads\/2024\/04\/Tracer-les-moindres-traces11.jpg\" data-elementor-open-lightbox=\"yes\" data-elementor-lightbox-slideshow=\"87b7902\" data-elementor-lightbox-title=\"Tracer les moindres traces11\" data-e-action-hash=\"#elementor-action%3Aaction%3Dlightbox%26settings%3DeyJpZCI6MzI1LCJ1cmwiOiJodHRwczpcL1wvbWFuYXJvdWhvbGFtaW5pLmNvbVwvd3AtY29udGVudFwvdXBsb2Fkc1wvMjAyNFwvMDRcL1RyYWNlci1sZXMtbW9pbmRyZXMtdHJhY2VzMTEuanBnIiwic2xpZGVzaG93IjoiODdiNzkwMiJ9\">\n\t\t\t\t\t<div class=\"e-gallery-image elementor-gallery-item__image\" data-thumbnail=\"https:\/\/manarouholamini.com\/wp-content\/uploads\/2024\/04\/Tracer-les-moindres-traces11-300x198.jpg\" data-width=\"300\" data-height=\"198\" aria-label=\"Tracer les moindres traces \/ Tracing Trace Traces\" role=\"img\" ><\/div>\n\t\t\t\t\t\t\t\t\t\t\t<div class=\"elementor-gallery-item__overlay\"><\/div>\n\t\t\t\t\t\t\t\t\t\t\t\t\t\t<\/a>\n\t\t\t\t\t<\/div>\n\t\t\t\t\t<\/div>\n\t\t\t\t<\/div>\n\t\t\t\t\t<\/div>\n\t\t\t\t<\/div>\n\t\t\t\t<\/div>","protected":false},"excerpt":{"rendered":"<p>\u00c9crivaine, universitaire et militante pour la paix;\u00a0Julia Grace Wales, voyagea \u00e0 La Haie en 1915 afin de participer au Congr\u00e8s international des femmes. \u00c0 La Haie, elle pr\u00e9senta son plan : m\u00e9diation continuelle sans armistice qui sera adopt\u00e9 \u00e0 l\u2019unanimit\u00e9 par les conf\u00e9renci\u00e8res.\u00a0 Faisant usage des documents d\u2019archives disponibles \u00e0 la Biblioth\u00e8que et archives Canada, [&hellip;]<\/p>\n","protected":false},"author":2,"featured_media":0,"parent":27,"menu_order":0,"comment_status":"closed","ping_status":"closed","template":"","meta":{"nf_dc_page":"","footnotes":""},"class_list":["post-309","page","type-page","status-publish","hentry"],"_links":{"self":[{"href":"https:\/\/manarouholamini.com\/en\/wp-json\/wp\/v2\/pages\/309","targetHints":{"allow":["GET"]}}],"collection":[{"href":"https:\/\/manarouholamini.com\/en\/wp-json\/wp\/v2\/pages"}],"about":[{"href":"https:\/\/manarouholamini.com\/en\/wp-json\/wp\/v2\/types\/page"}],"author":[{"embeddable":true,"href":"https:\/\/manarouholamini.com\/en\/wp-json\/wp\/v2\/users\/2"}],"replies":[{"embeddable":true,"href":"https:\/\/manarouholamini.com\/en\/wp-json\/wp\/v2\/comments?post=309"}],"version-history":[{"count":5,"href":"https:\/\/manarouholamini.com\/en\/wp-json\/wp\/v2\/pages\/309\/revisions"}],"predecessor-version":[{"id":549,"href":"https:\/\/manarouholamini.com\/en\/wp-json\/wp\/v2\/pages\/309\/revisions\/549"}],"up":[{"embeddable":true,"href":"https:\/\/manarouholamini.com\/en\/wp-json\/wp\/v2\/pages\/27"}],"wp:attachment":[{"href":"https:\/\/manarouholamini.com\/en\/wp-json\/wp\/v2\/media?parent=309"}],"curies":[{"name":"wp","href":"https:\/\/api.w.org\/{rel}","templated":true}]}}