{"id":370,"date":"2024-04-20T14:41:28","date_gmt":"2024-04-20T14:41:28","guid":{"rendered":"https:\/\/manarouholamini.com\/demo\/?page_id=370"},"modified":"2024-04-21T14:55:22","modified_gmt":"2024-04-21T14:55:22","slug":"souvenirs-de-la-terre","status":"publish","type":"page","link":"https:\/\/manarouholamini.com\/en\/projets\/souvenirs-de-la-terre\/","title":{"rendered":"Souvenirs from the earth"},"content":{"rendered":"<div data-elementor-type=\"wp-page\" data-elementor-id=\"370\" class=\"elementor elementor-370\" data-elementor-post-type=\"page\">\n\t\t\t\t<div class=\"elementor-element elementor-element-d1b777d e-flex e-con-boxed e-con e-parent\" data-id=\"d1b777d\" data-element_type=\"container\" data-e-type=\"container\">\n\t\t\t\t\t<div class=\"e-con-inner\">\n\t\t\t\t<div class=\"elementor-element elementor-element-981b013 elementor-widget elementor-widget-text-editor\" data-id=\"981b013\" data-element_type=\"widget\" data-e-type=\"widget\" data-widget_type=\"text-editor.default\">\n\t\t\t\t<div class=\"elementor-widget-container\">\n\t\t\t\t\t\t\t\t\t<p class=\"p1\">The earth remembers what has happened on her soil, in its waters, mountains and skies. Once subject of reverence and rituals, the earth has been disrespected in so many different ways.<\/p>\n<p class=\"p1\">This body of work (postcards) explores the memory of the earth, its sacredness and its pain.<\/p>\n<p class=\"p1\">The back of the postcards reads:&nbsp;<span style=\"color: var( --e-global-color-text ); font-family: var( --e-global-typography-text-font-family ), Sans-serif; font-weight: var( --e-global-typography-text-font-weight ); text-align: var(--text-align); font-size: 1rem;\">There was a time when my body contained explosives that maimed people when walking on me. My heart still bleeds for the children. Running, looking for firewood, wandering carefree.<\/span><\/p>\t\t\t\t\t\t\t\t<\/div>\n\t\t\t\t<\/div>\n\t\t<div class=\"elementor-element elementor-element-baecd9c e-flex e-con-boxed e-con e-child\" data-id=\"baecd9c\" data-element_type=\"container\" data-e-type=\"container\">\n\t\t\t\t\t<div class=\"e-con-inner\">\n\t\t\t\t<div class=\"elementor-element elementor-element-449d86f elementor-widget elementor-widget-gallery\" data-id=\"449d86f\" data-element_type=\"widget\" data-e-type=\"widget\" data-settings=\"{&quot;lazyload&quot;:&quot;yes&quot;,&quot;gallery_layout&quot;:&quot;grid&quot;,&quot;columns&quot;:4,&quot;columns_tablet&quot;:2,&quot;columns_mobile&quot;:1,&quot;gap&quot;:{&quot;unit&quot;:&quot;px&quot;,&quot;size&quot;:10,&quot;sizes&quot;:[]},&quot;gap_tablet&quot;:{&quot;unit&quot;:&quot;px&quot;,&quot;size&quot;:10,&quot;sizes&quot;:[]},&quot;gap_mobile&quot;:{&quot;unit&quot;:&quot;px&quot;,&quot;size&quot;:10,&quot;sizes&quot;:[]},&quot;link_to&quot;:&quot;file&quot;,&quot;aspect_ratio&quot;:&quot;3:2&quot;,&quot;overlay_background&quot;:&quot;yes&quot;,&quot;content_hover_animation&quot;:&quot;fade-in&quot;}\" data-widget_type=\"gallery.default\">\n\t\t\t\t<div class=\"elementor-widget-container\">\n\t\t\t\t\t\t\t<div class=\"elementor-gallery__container\">\n\t\t\t\t\t\t\t<a class=\"e-gallery-item elementor-gallery-item elementor-animated-content\" href=\"https:\/\/manarouholamini.com\/wp-content\/uploads\/2024\/04\/Souvenirs-de-la-terre1.jpg\" data-elementor-open-lightbox=\"yes\" data-elementor-lightbox-slideshow=\"449d86f\" data-elementor-lightbox-title=\"Souvenirs de la terre1\" data-e-action-hash=\"#elementor-action%3Aaction%3Dlightbox%26settings%3DeyJpZCI6Mzc3LCJ1cmwiOiJodHRwczpcL1wvbWFuYXJvdWhvbGFtaW5pLmNvbVwvd3AtY29udGVudFwvdXBsb2Fkc1wvMjAyNFwvMDRcL1NvdXZlbmlycy1kZS1sYS10ZXJyZTEuanBnIiwic2xpZGVzaG93IjoiNDQ5ZDg2ZiJ9\">\n\t\t\t\t\t<div class=\"e-gallery-image elementor-gallery-item__image\" data-thumbnail=\"https:\/\/manarouholamini.com\/wp-content\/uploads\/2024\/04\/Souvenirs-de-la-terre1-300x206.jpg\" data-width=\"300\" data-height=\"206\" aria-label=\"Souvenirs de la terre \/ Souvenirs from the earth\" role=\"img\" ><\/div>\n\t\t\t\t\t\t\t\t\t\t\t<div class=\"elementor-gallery-item__overlay\"><\/div>\n\t\t\t\t\t\t\t\t\t\t\t\t\t\t<\/a>\n\t\t\t\t\t\t\t<a class=\"e-gallery-item elementor-gallery-item elementor-animated-content\" href=\"https:\/\/manarouholamini.com\/wp-content\/uploads\/2024\/04\/Souvenirs-de-la-terre2.jpg\" data-elementor-open-lightbox=\"yes\" data-elementor-lightbox-slideshow=\"449d86f\" data-elementor-lightbox-title=\"Souvenirs de la terre2\" data-e-action-hash=\"#elementor-action%3Aaction%3Dlightbox%26settings%3DeyJpZCI6Mzc4LCJ1cmwiOiJodHRwczpcL1wvbWFuYXJvdWhvbGFtaW5pLmNvbVwvd3AtY29udGVudFwvdXBsb2Fkc1wvMjAyNFwvMDRcL1NvdXZlbmlycy1kZS1sYS10ZXJyZTIuanBnIiwic2xpZGVzaG93IjoiNDQ5ZDg2ZiJ9\">\n\t\t\t\t\t<div class=\"e-gallery-image elementor-gallery-item__image\" data-thumbnail=\"https:\/\/manarouholamini.com\/wp-content\/uploads\/2024\/04\/Souvenirs-de-la-terre2-300x211.jpg\" data-width=\"300\" data-height=\"211\" aria-label=\"Souvenirs de la terre \/ Souvenirs from the earth\" role=\"img\" ><\/div>\n\t\t\t\t\t\t\t\t\t\t\t<div class=\"elementor-gallery-item__overlay\"><\/div>\n\t\t\t\t\t\t\t\t\t\t\t\t\t\t<\/a>\n\t\t\t\t\t\t\t<a class=\"e-gallery-item elementor-gallery-item elementor-animated-content\" href=\"https:\/\/manarouholamini.com\/wp-content\/uploads\/2024\/04\/Souvenirs-de-la-terre3.jpg\" data-elementor-open-lightbox=\"yes\" data-elementor-lightbox-slideshow=\"449d86f\" data-elementor-lightbox-title=\"Souvenirs de la terre3\" data-e-action-hash=\"#elementor-action%3Aaction%3Dlightbox%26settings%3DeyJpZCI6Mzc5LCJ1cmwiOiJodHRwczpcL1wvbWFuYXJvdWhvbGFtaW5pLmNvbVwvd3AtY29udGVudFwvdXBsb2Fkc1wvMjAyNFwvMDRcL1NvdXZlbmlycy1kZS1sYS10ZXJyZTMuanBnIiwic2xpZGVzaG93IjoiNDQ5ZDg2ZiJ9\">\n\t\t\t\t\t<div class=\"e-gallery-image elementor-gallery-item__image\" data-thumbnail=\"https:\/\/manarouholamini.com\/wp-content\/uploads\/2024\/04\/Souvenirs-de-la-terre3-195x300.jpg\" data-width=\"195\" data-height=\"300\" aria-label=\"Souvenirs de la terre \/ Souvenirs from the earth\" role=\"img\" ><\/div>\n\t\t\t\t\t\t\t\t\t\t\t<div class=\"elementor-gallery-item__overlay\"><\/div>\n\t\t\t\t\t\t\t\t\t\t\t\t\t\t<\/a>\n\t\t\t\t\t\t\t<a class=\"e-gallery-item elementor-gallery-item elementor-animated-content\" href=\"https:\/\/manarouholamini.com\/wp-content\/uploads\/2024\/04\/Souvenirs-de-la-terre4.jpg\" data-elementor-open-lightbox=\"yes\" data-elementor-lightbox-slideshow=\"449d86f\" data-elementor-lightbox-title=\"Souvenirs de la terre4\" data-e-action-hash=\"#elementor-action%3Aaction%3Dlightbox%26settings%3DeyJpZCI6MzgwLCJ1cmwiOiJodHRwczpcL1wvbWFuYXJvdWhvbGFtaW5pLmNvbVwvd3AtY29udGVudFwvdXBsb2Fkc1wvMjAyNFwvMDRcL1NvdXZlbmlycy1kZS1sYS10ZXJyZTQuanBnIiwic2xpZGVzaG93IjoiNDQ5ZDg2ZiJ9\">\n\t\t\t\t\t<div class=\"e-gallery-image elementor-gallery-item__image\" data-thumbnail=\"https:\/\/manarouholamini.com\/wp-content\/uploads\/2024\/04\/Souvenirs-de-la-terre4-300x195.jpg\" data-width=\"300\" data-height=\"195\" aria-label=\"Souvenirs de la terre \/ Souvenirs from the earth\" role=\"img\" ><\/div>\n\t\t\t\t\t\t\t\t\t\t\t<div class=\"elementor-gallery-item__overlay\"><\/div>\n\t\t\t\t\t\t\t\t\t\t\t\t\t\t<\/a>\n\t\t\t\t\t\t\t<a class=\"e-gallery-item elementor-gallery-item elementor-animated-content\" href=\"https:\/\/manarouholamini.com\/wp-content\/uploads\/2024\/04\/Souvenirs-de-la-terre5.jpg\" data-elementor-open-lightbox=\"yes\" data-elementor-lightbox-slideshow=\"449d86f\" data-elementor-lightbox-title=\"Souvenirs de la terre5\" data-e-action-hash=\"#elementor-action%3Aaction%3Dlightbox%26settings%3DeyJpZCI6MzgxLCJ1cmwiOiJodHRwczpcL1wvbWFuYXJvdWhvbGFtaW5pLmNvbVwvd3AtY29udGVudFwvdXBsb2Fkc1wvMjAyNFwvMDRcL1NvdXZlbmlycy1kZS1sYS10ZXJyZTUuanBnIiwic2xpZGVzaG93IjoiNDQ5ZDg2ZiJ9\">\n\t\t\t\t\t<div class=\"e-gallery-image elementor-gallery-item__image\" data-thumbnail=\"https:\/\/manarouholamini.com\/wp-content\/uploads\/2024\/04\/Souvenirs-de-la-terre5-300x197.jpg\" data-width=\"300\" data-height=\"197\" aria-label=\"Souvenirs de la terre \/ Souvenirs from the earth\" role=\"img\" ><\/div>\n\t\t\t\t\t\t\t\t\t\t\t<div class=\"elementor-gallery-item__overlay\"><\/div>\n\t\t\t\t\t\t\t\t\t\t\t\t\t\t<\/a>\n\t\t\t\t\t\t\t<a class=\"e-gallery-item elementor-gallery-item elementor-animated-content\" href=\"https:\/\/manarouholamini.com\/wp-content\/uploads\/2024\/04\/Souvenirs-de-la-terre6.jpg\" data-elementor-open-lightbox=\"yes\" data-elementor-lightbox-slideshow=\"449d86f\" data-elementor-lightbox-title=\"Souvenirs de la terre6\" data-e-action-hash=\"#elementor-action%3Aaction%3Dlightbox%26settings%3DeyJpZCI6MzgyLCJ1cmwiOiJodHRwczpcL1wvbWFuYXJvdWhvbGFtaW5pLmNvbVwvd3AtY29udGVudFwvdXBsb2Fkc1wvMjAyNFwvMDRcL1NvdXZlbmlycy1kZS1sYS10ZXJyZTYuanBnIiwic2xpZGVzaG93IjoiNDQ5ZDg2ZiJ9\">\n\t\t\t\t\t<div class=\"e-gallery-image elementor-gallery-item__image\" data-thumbnail=\"https:\/\/manarouholamini.com\/wp-content\/uploads\/2024\/04\/Souvenirs-de-la-terre6-198x300.jpg\" data-width=\"198\" data-height=\"300\" aria-label=\"Souvenirs de la terre \/ Souvenirs from the earth\" role=\"img\" ><\/div>\n\t\t\t\t\t\t\t\t\t\t\t<div class=\"elementor-gallery-item__overlay\"><\/div>\n\t\t\t\t\t\t\t\t\t\t\t\t\t\t<\/a>\n\t\t\t\t\t\t\t<a class=\"e-gallery-item elementor-gallery-item elementor-animated-content\" href=\"https:\/\/manarouholamini.com\/wp-content\/uploads\/2024\/04\/Souvenirs-de-la-terre7.jpg\" data-elementor-open-lightbox=\"yes\" data-elementor-lightbox-slideshow=\"449d86f\" data-elementor-lightbox-title=\"Souvenirs de la terre7\" data-e-action-hash=\"#elementor-action%3Aaction%3Dlightbox%26settings%3DeyJpZCI6MzgzLCJ1cmwiOiJodHRwczpcL1wvbWFuYXJvdWhvbGFtaW5pLmNvbVwvd3AtY29udGVudFwvdXBsb2Fkc1wvMjAyNFwvMDRcL1NvdXZlbmlycy1kZS1sYS10ZXJyZTcuanBnIiwic2xpZGVzaG93IjoiNDQ5ZDg2ZiJ9\">\n\t\t\t\t\t<div class=\"e-gallery-image elementor-gallery-item__image\" data-thumbnail=\"https:\/\/manarouholamini.com\/wp-content\/uploads\/2024\/04\/Souvenirs-de-la-terre7-300x195.jpg\" data-width=\"300\" data-height=\"195\" aria-label=\"Souvenirs de la terre \/ Souvenirs from the earth\" role=\"img\" ><\/div>\n\t\t\t\t\t\t\t\t\t\t\t<div class=\"elementor-gallery-item__overlay\"><\/div>\n\t\t\t\t\t\t\t\t\t\t\t\t\t\t<\/a>\n\t\t\t\t\t\t\t<a class=\"e-gallery-item elementor-gallery-item elementor-animated-content\" href=\"https:\/\/manarouholamini.com\/wp-content\/uploads\/2024\/04\/Souvenirs-de-la-terre8.jpg\" data-elementor-open-lightbox=\"yes\" data-elementor-lightbox-slideshow=\"449d86f\" data-elementor-lightbox-title=\"Souvenirs de la terre8\" data-e-action-hash=\"#elementor-action%3Aaction%3Dlightbox%26settings%3DeyJpZCI6Mzg0LCJ1cmwiOiJodHRwczpcL1wvbWFuYXJvdWhvbGFtaW5pLmNvbVwvd3AtY29udGVudFwvdXBsb2Fkc1wvMjAyNFwvMDRcL1NvdXZlbmlycy1kZS1sYS10ZXJyZTguanBnIiwic2xpZGVzaG93IjoiNDQ5ZDg2ZiJ9\">\n\t\t\t\t\t<div class=\"e-gallery-image elementor-gallery-item__image\" data-thumbnail=\"https:\/\/manarouholamini.com\/wp-content\/uploads\/2024\/04\/Souvenirs-de-la-terre8-300x198.jpg\" data-width=\"300\" data-height=\"198\" aria-label=\"Souvenirs de la terre \/ Souvenirs from the earth\" role=\"img\" ><\/div>\n\t\t\t\t\t\t\t\t\t\t\t<div class=\"elementor-gallery-item__overlay\"><\/div>\n\t\t\t\t\t\t\t\t\t\t\t\t\t\t<\/a>\n\t\t\t\t\t\t\t<a class=\"e-gallery-item elementor-gallery-item elementor-animated-content\" href=\"https:\/\/manarouholamini.com\/wp-content\/uploads\/2024\/04\/Souvenirs-de-la-terre9.jpg\" data-elementor-open-lightbox=\"yes\" data-elementor-lightbox-slideshow=\"449d86f\" data-elementor-lightbox-title=\"Souvenirs de la terre9\" data-e-action-hash=\"#elementor-action%3Aaction%3Dlightbox%26settings%3DeyJpZCI6Mzg1LCJ1cmwiOiJodHRwczpcL1wvbWFuYXJvdWhvbGFtaW5pLmNvbVwvd3AtY29udGVudFwvdXBsb2Fkc1wvMjAyNFwvMDRcL1NvdXZlbmlycy1kZS1sYS10ZXJyZTkuanBnIiwic2xpZGVzaG93IjoiNDQ5ZDg2ZiJ9\">\n\t\t\t\t\t<div class=\"e-gallery-image elementor-gallery-item__image\" data-thumbnail=\"https:\/\/manarouholamini.com\/wp-content\/uploads\/2024\/04\/Souvenirs-de-la-terre9-300x268.jpg\" data-width=\"300\" data-height=\"268\" aria-label=\"Souvenirs de la terre \/ Souvenirs from the earth\" role=\"img\" ><\/div>\n\t\t\t\t\t\t\t\t\t\t\t<div class=\"elementor-gallery-item__overlay\"><\/div>\n\t\t\t\t\t\t\t\t\t\t\t\t\t\t<\/a>\n\t\t\t\t\t\t\t<a class=\"e-gallery-item elementor-gallery-item elementor-animated-content\" href=\"https:\/\/manarouholamini.com\/wp-content\/uploads\/2024\/04\/Souvenirs-de-la-terre10.jpg\" data-elementor-open-lightbox=\"yes\" data-elementor-lightbox-slideshow=\"449d86f\" data-elementor-lightbox-title=\"Souvenirs de la terre10\" data-e-action-hash=\"#elementor-action%3Aaction%3Dlightbox%26settings%3DeyJpZCI6Mzg2LCJ1cmwiOiJodHRwczpcL1wvbWFuYXJvdWhvbGFtaW5pLmNvbVwvd3AtY29udGVudFwvdXBsb2Fkc1wvMjAyNFwvMDRcL1NvdXZlbmlycy1kZS1sYS10ZXJyZTEwLmpwZyIsInNsaWRlc2hvdyI6IjQ0OWQ4NmYifQ%3D%3D\">\n\t\t\t\t\t<div class=\"e-gallery-image elementor-gallery-item__image\" data-thumbnail=\"https:\/\/manarouholamini.com\/wp-content\/uploads\/2024\/04\/Souvenirs-de-la-terre10-300x198.jpg\" data-width=\"300\" data-height=\"198\" aria-label=\"Souvenirs de la terre \/ Souvenirs from the earth\" role=\"img\" ><\/div>\n\t\t\t\t\t\t\t\t\t\t\t<div class=\"elementor-gallery-item__overlay\"><\/div>\n\t\t\t\t\t\t\t\t\t\t\t\t\t\t<\/a>\n\t\t\t\t\t<\/div>\n\t\t\t\t\t<\/div>\n\t\t\t\t<\/div>\n\t\t\t\t\t<\/div>\n\t\t\t\t<\/div>\n\t\t\t\t\t<\/div>\n\t\t\t\t<\/div>\n\t\t\t\t<\/div>","protected":false},"excerpt":{"rendered":"<p>La terre se souvient de ce qui s&#8217;est pass\u00e9 sur son corps, dans ses eaux, ses montagnes et ses cieux. Autrefois objet de r\u00e9v\u00e9rence et de rituels, la terre a \u00e9t\u00e9 bafou\u00e9e de bien des mani\u00e8res. Cet ensemble d&#8217;\u0153uvres (cartes postale) aborde la m\u00e9moire de la terre, son caract\u00e8re sacr\u00e9 et sa douleur. Au verso [&hellip;]<\/p>\n","protected":false},"author":2,"featured_media":0,"parent":27,"menu_order":0,"comment_status":"closed","ping_status":"closed","template":"","meta":{"nf_dc_page":"","footnotes":""},"class_list":["post-370","page","type-page","status-publish","hentry"],"_links":{"self":[{"href":"https:\/\/manarouholamini.com\/en\/wp-json\/wp\/v2\/pages\/370","targetHints":{"allow":["GET"]}}],"collection":[{"href":"https:\/\/manarouholamini.com\/en\/wp-json\/wp\/v2\/pages"}],"about":[{"href":"https:\/\/manarouholamini.com\/en\/wp-json\/wp\/v2\/types\/page"}],"author":[{"embeddable":true,"href":"https:\/\/manarouholamini.com\/en\/wp-json\/wp\/v2\/users\/2"}],"replies":[{"embeddable":true,"href":"https:\/\/manarouholamini.com\/en\/wp-json\/wp\/v2\/comments?post=370"}],"version-history":[{"count":5,"href":"https:\/\/manarouholamini.com\/en\/wp-json\/wp\/v2\/pages\/370\/revisions"}],"predecessor-version":[{"id":538,"href":"https:\/\/manarouholamini.com\/en\/wp-json\/wp\/v2\/pages\/370\/revisions\/538"}],"up":[{"embeddable":true,"href":"https:\/\/manarouholamini.com\/en\/wp-json\/wp\/v2\/pages\/27"}],"wp:attachment":[{"href":"https:\/\/manarouholamini.com\/en\/wp-json\/wp\/v2\/media?parent=370"}],"curies":[{"name":"wp","href":"https:\/\/api.w.org\/{rel}","templated":true}]}}