{"id":38,"date":"2024-04-06T04:02:20","date_gmt":"2024-04-06T04:02:20","guid":{"rendered":"https:\/\/manarouholamini.com\/demo\/?page_id=38"},"modified":"2024-04-21T15:51:34","modified_gmt":"2024-04-21T15:51:34","slug":"de-patience","status":"publish","type":"page","link":"https:\/\/manarouholamini.com\/en\/projets\/de-patience\/","title":{"rendered":"... of patience"},"content":{"rendered":"<div data-elementor-type=\"wp-page\" data-elementor-id=\"38\" class=\"elementor elementor-38\" data-elementor-post-type=\"page\">\n\t\t\t\t<div class=\"elementor-element elementor-element-b09bc42 e-flex e-con-boxed e-con e-parent\" data-id=\"b09bc42\" data-element_type=\"container\" data-e-type=\"container\">\n\t\t\t\t\t<div class=\"e-con-inner\">\n\t\t\t\t<div class=\"elementor-element elementor-element-e9cc206 elementor-widget elementor-widget-text-editor\" data-id=\"e9cc206\" data-element_type=\"widget\" data-e-type=\"widget\" data-widget_type=\"text-editor.default\">\n\t\t\t\t<div class=\"elementor-widget-container\">\n\t\t\t\t\t\t\t\t\t<p class=\"p1\">This exhibition explores the memories of the stone of patience and of water and the relationship between them.&nbsp;<span style=\"color: var( --e-global-color-text ); font-family: var( --e-global-typography-text-font-family ), Sans-serif; font-weight: var( --e-global-typography-text-font-weight ); text-align: var(--text-align); font-size: 1rem;\">It consists of digital prints, drawing and etchings.<\/span><\/p>\n<p>The triptychs (263\u00d758.5 cm) are created from prints on Polypropylene and an ink drawing on paper. Each panel measures 87.5\u00d758.5 cm<\/p>\t\t\t\t\t\t\t\t<\/div>\n\t\t\t\t<\/div>\n\t\t\t\t<div class=\"elementor-element elementor-element-7ca7e27 elementor-widget elementor-widget-gallery\" data-id=\"7ca7e27\" data-element_type=\"widget\" data-e-type=\"widget\" data-settings=\"{&quot;lazyload&quot;:&quot;yes&quot;,&quot;gallery_layout&quot;:&quot;grid&quot;,&quot;columns&quot;:4,&quot;columns_tablet&quot;:2,&quot;columns_mobile&quot;:1,&quot;gap&quot;:{&quot;unit&quot;:&quot;px&quot;,&quot;size&quot;:10,&quot;sizes&quot;:[]},&quot;gap_tablet&quot;:{&quot;unit&quot;:&quot;px&quot;,&quot;size&quot;:10,&quot;sizes&quot;:[]},&quot;gap_mobile&quot;:{&quot;unit&quot;:&quot;px&quot;,&quot;size&quot;:10,&quot;sizes&quot;:[]},&quot;link_to&quot;:&quot;file&quot;,&quot;aspect_ratio&quot;:&quot;3:2&quot;,&quot;overlay_background&quot;:&quot;yes&quot;,&quot;content_hover_animation&quot;:&quot;fade-in&quot;}\" data-widget_type=\"gallery.default\">\n\t\t\t\t<div class=\"elementor-widget-container\">\n\t\t\t\t\t\t\t<div class=\"elementor-gallery__container\">\n\t\t\t\t\t\t\t<a class=\"e-gallery-item elementor-gallery-item elementor-animated-content\" href=\"https:\/\/manarouholamini.com\/wp-content\/uploads\/2024\/04\/1_de-patience.jpg\" data-elementor-open-lightbox=\"yes\" data-elementor-lightbox-slideshow=\"7ca7e27\" data-elementor-lightbox-title=\"1_de patience\" data-e-action-hash=\"#elementor-action%3Aaction%3Dlightbox%26settings%3DeyJpZCI6MTc4LCJ1cmwiOiJodHRwczpcL1wvbWFuYXJvdWhvbGFtaW5pLmNvbVwvd3AtY29udGVudFwvdXBsb2Fkc1wvMjAyNFwvMDRcLzFfZGUtcGF0aWVuY2UuanBnIiwic2xpZGVzaG93IjoiN2NhN2UyNyJ9\">\n\t\t\t\t\t<div class=\"e-gallery-image elementor-gallery-item__image\" data-thumbnail=\"https:\/\/manarouholamini.com\/wp-content\/uploads\/2024\/04\/1_de-patience.jpg\" data-width=\"1498\" data-height=\"1000\" aria-label=\"de patience \/ of patience - vue d&#039;exposition - Exhibition view\" role=\"img\" ><\/div>\n\t\t\t\t\t\t\t\t\t\t\t<div class=\"elementor-gallery-item__overlay\"><\/div>\n\t\t\t\t\t\t\t\t\t\t\t\t\t\t<\/a>\n\t\t\t\t\t\t\t<a class=\"e-gallery-item elementor-gallery-item elementor-animated-content\" href=\"https:\/\/manarouholamini.com\/wp-content\/uploads\/2024\/04\/2_de-patience.jpg\" data-elementor-open-lightbox=\"yes\" data-elementor-lightbox-slideshow=\"7ca7e27\" data-elementor-lightbox-title=\"2_de patience\" data-e-action-hash=\"#elementor-action%3Aaction%3Dlightbox%26settings%3DeyJpZCI6MTc5LCJ1cmwiOiJodHRwczpcL1wvbWFuYXJvdWhvbGFtaW5pLmNvbVwvd3AtY29udGVudFwvdXBsb2Fkc1wvMjAyNFwvMDRcLzJfZGUtcGF0aWVuY2UuanBnIiwic2xpZGVzaG93IjoiN2NhN2UyNyJ9\">\n\t\t\t\t\t<div class=\"e-gallery-image elementor-gallery-item__image\" data-thumbnail=\"https:\/\/manarouholamini.com\/wp-content\/uploads\/2024\/04\/2_de-patience.jpg\" data-width=\"1498\" data-height=\"1000\" aria-label=\"de patience \/ of patience - vue d&#039;exposition - Exhibition view\" role=\"img\" ><\/div>\n\t\t\t\t\t\t\t\t\t\t\t<div class=\"elementor-gallery-item__overlay\"><\/div>\n\t\t\t\t\t\t\t\t\t\t\t\t\t\t<\/a>\n\t\t\t\t\t\t\t<a class=\"e-gallery-item elementor-gallery-item elementor-animated-content\" href=\"https:\/\/manarouholamini.com\/wp-content\/uploads\/2024\/04\/3_de-patience_Zigzager-le-fleuve-scaled.jpg\" data-elementor-open-lightbox=\"yes\" data-elementor-lightbox-slideshow=\"7ca7e27\" data-elementor-lightbox-title=\"3_de patience_Zigzager-le-fleuve\" data-e-action-hash=\"#elementor-action%3Aaction%3Dlightbox%26settings%3DeyJpZCI6MTgwLCJ1cmwiOiJodHRwczpcL1wvbWFuYXJvdWhvbGFtaW5pLmNvbVwvd3AtY29udGVudFwvdXBsb2Fkc1wvMjAyNFwvMDRcLzNfZGUtcGF0aWVuY2VfWmlnemFnZXItbGUtZmxldXZlLXNjYWxlZC5qcGciLCJzbGlkZXNob3ciOiI3Y2E3ZTI3In0%3D\">\n\t\t\t\t\t<div class=\"e-gallery-image elementor-gallery-item__image\" data-thumbnail=\"https:\/\/manarouholamini.com\/wp-content\/uploads\/2024\/04\/3_de-patience_Zigzager-le-fleuve-scaled.jpg\" data-width=\"2560\" data-height=\"559\" aria-label=\"de patience \/ of patience - zigzager le fleuve\" role=\"img\" ><\/div>\n\t\t\t\t\t\t\t\t\t\t\t<div class=\"elementor-gallery-item__overlay\"><\/div>\n\t\t\t\t\t\t\t\t\t\t\t\t\t\t<\/a>\n\t\t\t\t\t\t\t<a class=\"e-gallery-item elementor-gallery-item elementor-animated-content\" href=\"https:\/\/manarouholamini.com\/wp-content\/uploads\/2024\/04\/4_de-patience6.jpg\" data-elementor-open-lightbox=\"yes\" data-elementor-lightbox-slideshow=\"7ca7e27\" data-elementor-lightbox-title=\"4_de-patience6\" data-e-action-hash=\"#elementor-action%3Aaction%3Dlightbox%26settings%3DeyJpZCI6MTgxLCJ1cmwiOiJodHRwczpcL1wvbWFuYXJvdWhvbGFtaW5pLmNvbVwvd3AtY29udGVudFwvdXBsb2Fkc1wvMjAyNFwvMDRcLzRfZGUtcGF0aWVuY2U2LmpwZyIsInNsaWRlc2hvdyI6IjdjYTdlMjcifQ%3D%3D\">\n\t\t\t\t\t<div class=\"e-gallery-image elementor-gallery-item__image\" data-thumbnail=\"https:\/\/manarouholamini.com\/wp-content\/uploads\/2024\/04\/4_de-patience6.jpg\" data-width=\"1498\" data-height=\"1000\" aria-label=\"de patience \/ of patience - vue d&#039;exposition - Exhibition view\" role=\"img\" ><\/div>\n\t\t\t\t\t\t\t\t\t\t\t<div class=\"elementor-gallery-item__overlay\"><\/div>\n\t\t\t\t\t\t\t\t\t\t\t\t\t\t<\/a>\n\t\t\t\t\t\t\t<a class=\"e-gallery-item elementor-gallery-item elementor-animated-content\" href=\"https:\/\/manarouholamini.com\/wp-content\/uploads\/2024\/04\/5_de-patience.jpg\" data-elementor-open-lightbox=\"yes\" data-elementor-lightbox-slideshow=\"7ca7e27\" data-elementor-lightbox-title=\"5_de patience\" data-e-action-hash=\"#elementor-action%3Aaction%3Dlightbox%26settings%3DeyJpZCI6MTgyLCJ1cmwiOiJodHRwczpcL1wvbWFuYXJvdWhvbGFtaW5pLmNvbVwvd3AtY29udGVudFwvdXBsb2Fkc1wvMjAyNFwvMDRcLzVfZGUtcGF0aWVuY2UuanBnIiwic2xpZGVzaG93IjoiN2NhN2UyNyJ9\">\n\t\t\t\t\t<div class=\"e-gallery-image elementor-gallery-item__image\" data-thumbnail=\"https:\/\/manarouholamini.com\/wp-content\/uploads\/2024\/04\/5_de-patience.jpg\" data-width=\"1498\" data-height=\"1000\" aria-label=\"de patience \/ of patience - vue d&#039;exposition - Exhibition view\" role=\"img\" ><\/div>\n\t\t\t\t\t\t\t\t\t\t\t<div class=\"elementor-gallery-item__overlay\"><\/div>\n\t\t\t\t\t\t\t\t\t\t\t\t\t\t<\/a>\n\t\t\t\t\t\t\t<a class=\"e-gallery-item elementor-gallery-item elementor-animated-content\" href=\"https:\/\/manarouholamini.com\/wp-content\/uploads\/2024\/04\/6_de-patience_Risquer-la-source-scaled.jpg\" data-elementor-open-lightbox=\"yes\" data-elementor-lightbox-slideshow=\"7ca7e27\" data-elementor-lightbox-title=\"6_de patience_Risquer-la-source\" data-e-action-hash=\"#elementor-action%3Aaction%3Dlightbox%26settings%3DeyJpZCI6MTgzLCJ1cmwiOiJodHRwczpcL1wvbWFuYXJvdWhvbGFtaW5pLmNvbVwvd3AtY29udGVudFwvdXBsb2Fkc1wvMjAyNFwvMDRcLzZfZGUtcGF0aWVuY2VfUmlzcXVlci1sYS1zb3VyY2Utc2NhbGVkLmpwZyIsInNsaWRlc2hvdyI6IjdjYTdlMjcifQ%3D%3D\">\n\t\t\t\t\t<div class=\"e-gallery-image elementor-gallery-item__image\" data-thumbnail=\"https:\/\/manarouholamini.com\/wp-content\/uploads\/2024\/04\/6_de-patience_Risquer-la-source-scaled.jpg\" data-width=\"2560\" data-height=\"559\" aria-label=\"de patience \/ of patience - Risquer la source\" role=\"img\" ><\/div>\n\t\t\t\t\t\t\t\t\t\t\t<div class=\"elementor-gallery-item__overlay\"><\/div>\n\t\t\t\t\t\t\t\t\t\t\t\t\t\t<\/a>\n\t\t\t\t\t\t\t<a class=\"e-gallery-item elementor-gallery-item elementor-animated-content\" href=\"https:\/\/manarouholamini.com\/wp-content\/uploads\/2024\/04\/7_de-patience-Eternel-Jaillissement--scaled.jpg\" data-elementor-open-lightbox=\"yes\" data-elementor-lightbox-slideshow=\"7ca7e27\" data-elementor-lightbox-title=\"7_de patience-Eternel-Jaillissement-\" data-e-action-hash=\"#elementor-action%3Aaction%3Dlightbox%26settings%3DeyJpZCI6MTg0LCJ1cmwiOiJodHRwczpcL1wvbWFuYXJvdWhvbGFtaW5pLmNvbVwvd3AtY29udGVudFwvdXBsb2Fkc1wvMjAyNFwvMDRcLzdfZGUtcGF0aWVuY2UtRXRlcm5lbC1KYWlsbGlzc2VtZW50LS1zY2FsZWQuanBnIiwic2xpZGVzaG93IjoiN2NhN2UyNyJ9\">\n\t\t\t\t\t<div class=\"e-gallery-image elementor-gallery-item__image\" data-thumbnail=\"https:\/\/manarouholamini.com\/wp-content\/uploads\/2024\/04\/7_de-patience-Eternel-Jaillissement--scaled.jpg\" data-width=\"2560\" data-height=\"559\" aria-label=\"de patience \/ of patience - \u00c9ternel jaillissement\" role=\"img\" ><\/div>\n\t\t\t\t\t\t\t\t\t\t\t<div class=\"elementor-gallery-item__overlay\"><\/div>\n\t\t\t\t\t\t\t\t\t\t\t\t\t\t<\/a>\n\t\t\t\t\t\t\t<a class=\"e-gallery-item elementor-gallery-item elementor-animated-content\" href=\"https:\/\/manarouholamini.com\/wp-content\/uploads\/2024\/04\/8_de-patience.jpg\" data-elementor-open-lightbox=\"yes\" data-elementor-lightbox-slideshow=\"7ca7e27\" data-elementor-lightbox-title=\"8_de patience\" data-e-action-hash=\"#elementor-action%3Aaction%3Dlightbox%26settings%3DeyJpZCI6MTg2LCJ1cmwiOiJodHRwczpcL1wvbWFuYXJvdWhvbGFtaW5pLmNvbVwvd3AtY29udGVudFwvdXBsb2Fkc1wvMjAyNFwvMDRcLzhfZGUtcGF0aWVuY2UuanBnIiwic2xpZGVzaG93IjoiN2NhN2UyNyJ9\">\n\t\t\t\t\t<div class=\"e-gallery-image elementor-gallery-item__image\" data-thumbnail=\"https:\/\/manarouholamini.com\/wp-content\/uploads\/2024\/04\/8_de-patience.jpg\" data-width=\"1501\" data-height=\"1000\" aria-label=\"de patience \/ of patience - vue d&#039;exposition - Exhibition view\" role=\"img\" ><\/div>\n\t\t\t\t\t\t\t\t\t\t\t<div class=\"elementor-gallery-item__overlay\"><\/div>\n\t\t\t\t\t\t\t\t\t\t\t\t\t\t<\/a>\n\t\t\t\t\t\t\t<a class=\"e-gallery-item elementor-gallery-item elementor-animated-content\" href=\"https:\/\/manarouholamini.com\/wp-content\/uploads\/2024\/04\/9_de-patience.jpg\" data-elementor-open-lightbox=\"yes\" data-elementor-lightbox-slideshow=\"7ca7e27\" data-elementor-lightbox-title=\"9_de patience\" data-e-action-hash=\"#elementor-action%3Aaction%3Dlightbox%26settings%3DeyJpZCI6MTg3LCJ1cmwiOiJodHRwczpcL1wvbWFuYXJvdWhvbGFtaW5pLmNvbVwvd3AtY29udGVudFwvdXBsb2Fkc1wvMjAyNFwvMDRcLzlfZGUtcGF0aWVuY2UuanBnIiwic2xpZGVzaG93IjoiN2NhN2UyNyJ9\">\n\t\t\t\t\t<div class=\"e-gallery-image elementor-gallery-item__image\" data-thumbnail=\"https:\/\/manarouholamini.com\/wp-content\/uploads\/2024\/04\/9_de-patience.jpg\" data-width=\"1498\" data-height=\"1000\" aria-label=\"de patience \/ of patience - vue d&#039;exposition - Exhibition view\" role=\"img\" ><\/div>\n\t\t\t\t\t\t\t\t\t\t\t<div class=\"elementor-gallery-item__overlay\"><\/div>\n\t\t\t\t\t\t\t\t\t\t\t\t\t\t<\/a>\n\t\t\t\t\t\t\t<a class=\"e-gallery-item elementor-gallery-item elementor-animated-content\" href=\"https:\/\/manarouholamini.com\/wp-content\/uploads\/2024\/04\/10_de-patiencede.jpg\" data-elementor-open-lightbox=\"yes\" data-elementor-lightbox-slideshow=\"7ca7e27\" data-elementor-lightbox-title=\"10_de patience\" data-e-action-hash=\"#elementor-action%3Aaction%3Dlightbox%26settings%3DeyJpZCI6MTg4LCJ1cmwiOiJodHRwczpcL1wvbWFuYXJvdWhvbGFtaW5pLmNvbVwvd3AtY29udGVudFwvdXBsb2Fkc1wvMjAyNFwvMDRcLzEwX2RlLXBhdGllbmNlZGUuanBnIiwic2xpZGVzaG93IjoiN2NhN2UyNyJ9\">\n\t\t\t\t\t<div class=\"e-gallery-image elementor-gallery-item__image\" data-thumbnail=\"https:\/\/manarouholamini.com\/wp-content\/uploads\/2024\/04\/10_de-patiencede.jpg\" data-width=\"1498\" data-height=\"1000\" aria-label=\"de patience \/ of patience - vue d&#039;exposition - Exhibition view\" role=\"img\" ><\/div>\n\t\t\t\t\t\t\t\t\t\t\t<div class=\"elementor-gallery-item__overlay\"><\/div>\n\t\t\t\t\t\t\t\t\t\t\t\t\t\t<\/a>\n\t\t\t\t\t<\/div>\n\t\t\t\t\t<\/div>\n\t\t\t\t<\/div>\n\t\t\t\t\t<\/div>\n\t\t\t\t<\/div>\n\t\t\t\t<\/div>","protected":false},"excerpt":{"rendered":"<p>Cette exposition explore les m\u00e9moires de la pierre de patience et de l\u2019eau et la relation entre celles-ci.&nbsp;Elle est constitu\u00e9 d&#8217;\u00e9preuves num\u00e9riques, de dessins et d&#8217;eaux fortes. Les triptyques (263\u00d758.5 cm) sont cr\u00e9\u00e9s \u00e0 partir d&#8217;\u00e9preuves num\u00e9riques sur polypropyl\u00e8ne et un dessin en encre sur papier. Chaque panneau mesure 87.5\u00d758.5 cm.<\/p>","protected":false},"author":1,"featured_media":0,"parent":27,"menu_order":20,"comment_status":"closed","ping_status":"closed","template":"","meta":{"nf_dc_page":"","footnotes":""},"class_list":["post-38","page","type-page","status-publish","hentry"],"_links":{"self":[{"href":"https:\/\/manarouholamini.com\/en\/wp-json\/wp\/v2\/pages\/38","targetHints":{"allow":["GET"]}}],"collection":[{"href":"https:\/\/manarouholamini.com\/en\/wp-json\/wp\/v2\/pages"}],"about":[{"href":"https:\/\/manarouholamini.com\/en\/wp-json\/wp\/v2\/types\/page"}],"author":[{"embeddable":true,"href":"https:\/\/manarouholamini.com\/en\/wp-json\/wp\/v2\/users\/1"}],"replies":[{"embeddable":true,"href":"https:\/\/manarouholamini.com\/en\/wp-json\/wp\/v2\/comments?post=38"}],"version-history":[{"count":5,"href":"https:\/\/manarouholamini.com\/en\/wp-json\/wp\/v2\/pages\/38\/revisions"}],"predecessor-version":[{"id":566,"href":"https:\/\/manarouholamini.com\/en\/wp-json\/wp\/v2\/pages\/38\/revisions\/566"}],"up":[{"embeddable":true,"href":"https:\/\/manarouholamini.com\/en\/wp-json\/wp\/v2\/pages\/27"}],"wp:attachment":[{"href":"https:\/\/manarouholamini.com\/en\/wp-json\/wp\/v2\/media?parent=38"}],"curies":[{"name":"wp","href":"https:\/\/api.w.org\/{rel}","templated":true}]}}